{"id":588,"date":"2026-01-09T13:49:03","date_gmt":"2026-01-09T13:49:03","guid":{"rendered":"https:\/\/dev-lechtal-alpin.at\/?page_id=588"},"modified":"2026-04-10T09:40:11","modified_gmt":"2026-04-10T09:40:11","slug":"lawinen-camp","status":"publish","type":"page","link":"https:\/\/lechtal-alpin.at\/index.php\/lawinen-camp\/","title":{"rendered":"Lawinen Camps"},"content":{"rendered":"<div class=\"wpb-content-wrapper\"><p>[vc_row][vc_column][vc_empty_space height=&#8220;60&#8243;][vc_row_inner equal_height=&#8220;yes&#8220; gap=&#8220;5&#8243;][vc_column_inner width=&#8220;1\/2&#8243;][\/vc_column_inner][vc_column_inner width=&#8220;1\/2&#8243; css=&#8220;.vc_custom_1769756093731{background-color: #E3E3E3 !important;background-position: center !important;background-repeat: no-repeat !important;background-size: cover !important;}&#8220;][vc_column_text css=&#8220;.vc_custom_1771836690702{margin-right: 15px !important;margin-left: 20px !important;}&#8220;]<\/p>\n<h3><span style=\"color: #4f84c4;\"><strong>LAWINEN CAMPS<br \/>\n<\/strong><\/span><span style=\"color: #4f84c4;\">Safety Skills<\/span><\/h3>\n<p><strong>Dauer: <\/strong>Compact 1,5 Tage \/ Intense 3,5 Tage<br \/>\n<strong>Teilnehmer:<\/strong> 1\u20138 Personen<\/p>\n<p><strong>Ausgangsort:<\/strong> Lechtal<br \/>\n<strong>Voraussetzung:<\/strong> Paralleles und sicheres Skifahren im Gel\u00e4nde. Grundkondition f\u00fcr div. H\u00f6henmeter je nach Tour, mind. 300hm\/h<\/p>\n<h4><span style=\"color: #4f84c4;\"><strong>Ab \u20ac 140,00 \/ pro Person<\/strong><\/span><\/h4>\n<p>[\/vc_column_text][\/vc_column_inner][\/vc_row_inner][vc_empty_space height=&#8220;60&#8243;][\/vc_column][\/vc_row][vc_row full_width=&#8220;stretch_row&#8220; css=&#8220;.vc_custom_1763991539983{background-color: #E3E3E3 !important;background-position: center !important;background-repeat: no-repeat !important;background-size: cover !important;}&#8220;][vc_column][vc_empty_space height=&#8220;20&#8243;][vc_row_inner gap=&#8220;15&#8243;][vc_column_inner width=&#8220;1\/2&#8243;][vc_column_text css=&#8220;&#8220;]<strong>Ausbildungsinhalte: Tourenplanung, Lawinenreport, Gel\u00e4nde einsch\u00e4tzen und Strategien anwenden, Gefahrenzeichen erkennen, Spurenlage, Schnee- und Lawinenkunde, LVS-Suche.<\/strong><\/p>\n<p>Die Lawinen Camps beginnen am Abend, dort trage ich einen sehr interessanten und praxisbezogenen Theorie Vortrag zu den Themen: Verhalten im Gel\u00e4nde, Lawinenbildung, Schnee- und Lawinenkunde, etc. vor. An den darauffolgenden Praxistagen werden die gelernten Inhalte auf der Tour umgesetzt. Dazu gibt es einige Tipps und Tricks zum Verhalten im Gel\u00e4nde bei den jeweiligen Verh\u00e4ltnissen. Gemeinsam erarbeiten wir uns auf den angepassten Touren, die jeweiligen Schwerpunkt Themen und versuchen uns in Bezug auf Gel\u00e4nde, Verh\u00e4ltnisse und Mensch bestm\u00f6glich zu sensibilisieren und somit zu richtigen Entscheidungen zu kommen.[\/vc_column_text][\/vc_column_inner][vc_column_inner width=&#8220;1\/2&#8243;][vc_column_text css=&#8220;&#8220;]<strong>Leistung:<\/strong><br \/>\n\u2022 Planung und Organisation<br \/>\n\u2022 F\u00fchrung durch staatlich gepr\u00fcften Berg- und Skif\u00fchrer<br \/>\n\u2022 Praxisbezogener Theorieabend<br \/>\n\u2022 Ein bis drei Ausbildungstage im Gel\u00e4nde<br \/>\n\u2022 Ausbildung neuester Lehrinhalte<\/p>\n<p><strong>Zusatzkosten:<br \/>\n<\/strong>\u2022 Fahrtkosten (An- und Abreise)<br \/>\n\u2022 \u00dcbernachtung + HP<br \/>\n\u2022 eventuell Leihausr\u00fcstung<br \/>\n\u2022 eventuell Liftfahrt<\/p>\n<p><strong>Preisinfo:<br \/>\n<\/strong>\u20ac 500,00 (Basispreis\/Tag) + \u20ac 50,00 jede weitere Person<br \/>\n\u20ac 300,00 Theorieabend<\/p>\n<p><strong>Unterkunft Empfehlung:<br \/>\n<\/strong>\u2022 <a href=\"https:\/\/apartment-lechtal-alpin.at\">Apartment Lechtal Alpin<\/a><br \/>\n\u2022 <a href=\"https:\/\/alpenblickbach.com\">Hotel Alpenblick<\/a>[\/vc_column_text][vc_btn title=&#8220;JETZT ANFRAGEN&#8220; style=&#8220;outline-custom&#8220; outline_custom_color=&#8220;#4F84C4&#8243; outline_custom_hover_background=&#8220;#4F84C4&#8243; shape=&#8220;square&#8220; align=&#8220;left&#8220; css=&#8220;&#8220; link=&#8220;url:mailto%3Amarvin%40lechtal-alpin.at%3Fsubject%3DAnfrage%20Lawinen-Camp&#8220;][\/vc_column_inner][\/vc_row_inner][vc_empty_space height=&#8220;20&#8243;][\/vc_column][\/vc_row]<\/p>\n<\/div>","protected":false},"excerpt":{"rendered":"<p>[vc_row][vc_column][vc_empty_space height=&#8220;60&#8243;][vc_row_inner equal_height=&#8220;yes&#8220; gap=&#8220;5&#8243;][vc_column_inner width=&#8220;1\/2&#8243;][\/vc_column_inner][vc_column_inner width=&#8220;1\/2&#8243; css=&#8220;.vc_custom_1769756093731{background-color: #E3E3E3 !important;background-position: center !important;background-repeat: no-repeat !important;background-size: cover !important;}&#8220;][vc_column_text css=&#8220;.vc_custom_1771836690702{margin-right: 15px !important;margin-left: 20px !important;}&#8220;] LAWINEN CAMPS Safety Skills Dauer: Compact 1,5 Tage \/ Intense 3,5 Tage Teilnehmer: 1\u20138 Personen Ausgangsort: Lechtal Voraussetzung: Paralleles und sicheres Skifahren im Gel\u00e4nde. Grundkondition f\u00fcr div. H\u00f6henmeter je nach [&hellip;]<\/p>\n","protected":false},"author":4,"featured_media":1419,"parent":0,"menu_order":0,"comment_status":"closed","ping_status":"closed","template":"","meta":{"inspiro_page_layout":"narrow","inspiro_hide_title":false,"footnotes":""},"class_list":["post-588","page","type-page","status-publish","has-post-thumbnail","hentry"],"yoast_head":"<!-- This site is optimized with the Yoast SEO plugin v27.3 - https:\/\/yoast.com\/product\/yoast-seo-wordpress\/ -->\n<title>Lawinen Camps - Lechtal Alpin<\/title>\n<meta name=\"description\" content=\"Tourenplanung, Lawinenreport, Gel\u00e4nde einsch\u00e4tzen und Strategien anwenden, Gefahrenzeichen erkennen, Spurenlage, Schnee- und Lawinenkunde, LVS-Suche\" \/>\n<meta name=\"robots\" content=\"index, follow, max-snippet:-1, max-image-preview:large, max-video-preview:-1\" \/>\n<link rel=\"canonical\" href=\"https:\/\/lechtal-alpin.at\/index.php\/lawinen-camp\/\" \/>\n<meta property=\"og:locale\" content=\"de_DE\" \/>\n<meta property=\"og:type\" content=\"article\" \/>\n<meta property=\"og:title\" content=\"Lawinen Camps - Lechtal Alpin\" \/>\n<meta property=\"og:description\" content=\"Tourenplanung, Lawinenreport, Gel\u00e4nde einsch\u00e4tzen und Strategien anwenden, Gefahrenzeichen erkennen, Spurenlage, Schnee- und Lawinenkunde, LVS-Suche\" \/>\n<meta property=\"og:url\" content=\"https:\/\/lechtal-alpin.at\/index.php\/lawinen-camp\/\" \/>\n<meta property=\"og:site_name\" content=\"Lechtal Alpin\" \/>\n<meta property=\"article:modified_time\" content=\"2026-04-10T09:40:11+00:00\" \/>\n<meta property=\"og:image\" content=\"https:\/\/lechtal-alpin.at\/wp-content\/uploads\/2026\/02\/Lechtal_Alpin_BEITRAG_Lawinen_Camp_neu.jpg\" \/>\n\t<meta property=\"og:image:width\" content=\"1800\" \/>\n\t<meta property=\"og:image:height\" content=\"1000\" \/>\n\t<meta property=\"og:image:type\" content=\"image\/jpeg\" \/>\n<meta name=\"twitter:card\" content=\"summary_large_image\" \/>\n<meta name=\"twitter:label1\" content=\"Gesch\u00e4tzte Lesezeit\" \/>\n\t<meta name=\"twitter:data1\" content=\"2 Minuten\" \/>\n<script type=\"application\/ld+json\" class=\"yoast-schema-graph\">{\"@context\":\"https:\\\/\\\/schema.org\",\"@graph\":[{\"@type\":\"WebPage\",\"@id\":\"https:\\\/\\\/lechtal-alpin.at\\\/index.php\\\/lawinen-camp\\\/\",\"url\":\"https:\\\/\\\/lechtal-alpin.at\\\/index.php\\\/lawinen-camp\\\/\",\"name\":\"Lawinen Camps - Lechtal Alpin\",\"isPartOf\":{\"@id\":\"https:\\\/\\\/lechtal-alpin.at\\\/#website\"},\"primaryImageOfPage\":{\"@id\":\"https:\\\/\\\/lechtal-alpin.at\\\/index.php\\\/lawinen-camp\\\/#primaryimage\"},\"image\":{\"@id\":\"https:\\\/\\\/lechtal-alpin.at\\\/index.php\\\/lawinen-camp\\\/#primaryimage\"},\"thumbnailUrl\":\"https:\\\/\\\/lechtal-alpin.at\\\/wp-content\\\/uploads\\\/2026\\\/02\\\/Lechtal_Alpin_BEITRAG_Lawinen_Camp_neu.jpg\",\"datePublished\":\"2026-01-09T13:49:03+00:00\",\"dateModified\":\"2026-04-10T09:40:11+00:00\",\"description\":\"Tourenplanung, Lawinenreport, Gel\u00e4nde einsch\u00e4tzen und Strategien anwenden, Gefahrenzeichen erkennen, Spurenlage, Schnee- und Lawinenkunde, LVS-Suche\",\"breadcrumb\":{\"@id\":\"https:\\\/\\\/lechtal-alpin.at\\\/index.php\\\/lawinen-camp\\\/#breadcrumb\"},\"inLanguage\":\"de-AT\",\"potentialAction\":[{\"@type\":\"ReadAction\",\"target\":[\"https:\\\/\\\/lechtal-alpin.at\\\/index.php\\\/lawinen-camp\\\/\"]}]},{\"@type\":\"ImageObject\",\"inLanguage\":\"de-AT\",\"@id\":\"https:\\\/\\\/lechtal-alpin.at\\\/index.php\\\/lawinen-camp\\\/#primaryimage\",\"url\":\"https:\\\/\\\/lechtal-alpin.at\\\/wp-content\\\/uploads\\\/2026\\\/02\\\/Lechtal_Alpin_BEITRAG_Lawinen_Camp_neu.jpg\",\"contentUrl\":\"https:\\\/\\\/lechtal-alpin.at\\\/wp-content\\\/uploads\\\/2026\\\/02\\\/Lechtal_Alpin_BEITRAG_Lawinen_Camp_neu.jpg\",\"width\":1800,\"height\":1000},{\"@type\":\"BreadcrumbList\",\"@id\":\"https:\\\/\\\/lechtal-alpin.at\\\/index.php\\\/lawinen-camp\\\/#breadcrumb\",\"itemListElement\":[{\"@type\":\"ListItem\",\"position\":1,\"name\":\"Startseite\",\"item\":\"https:\\\/\\\/lechtal-alpin.at\\\/\"},{\"@type\":\"ListItem\",\"position\":2,\"name\":\"Lawinen Camps\"}]},{\"@type\":\"WebSite\",\"@id\":\"https:\\\/\\\/lechtal-alpin.at\\\/#website\",\"url\":\"https:\\\/\\\/lechtal-alpin.at\\\/\",\"name\":\"Lechtal Alpin\",\"description\":\"\",\"publisher\":{\"@id\":\"https:\\\/\\\/lechtal-alpin.at\\\/#\\\/schema\\\/person\\\/c379d06227bea9bcc3119575c50a158d\"},\"potentialAction\":[{\"@type\":\"SearchAction\",\"target\":{\"@type\":\"EntryPoint\",\"urlTemplate\":\"https:\\\/\\\/lechtal-alpin.at\\\/?s={search_term_string}\"},\"query-input\":{\"@type\":\"PropertyValueSpecification\",\"valueRequired\":true,\"valueName\":\"search_term_string\"}}],\"inLanguage\":\"de-AT\"},{\"@type\":[\"Person\",\"Organization\"],\"@id\":\"https:\\\/\\\/lechtal-alpin.at\\\/#\\\/schema\\\/person\\\/c379d06227bea9bcc3119575c50a158d\",\"name\":\"Marvin K\u00e4rle\",\"image\":{\"@type\":\"ImageObject\",\"inLanguage\":\"de-AT\",\"@id\":\"https:\\\/\\\/lechtal-alpin.at\\\/wp-content\\\/uploads\\\/2026\\\/04\\\/Logo_Lechtal-Alpin_nur-Schrift-LA-scaled.png\",\"url\":\"https:\\\/\\\/lechtal-alpin.at\\\/wp-content\\\/uploads\\\/2026\\\/04\\\/Logo_Lechtal-Alpin_nur-Schrift-LA-scaled.png\",\"contentUrl\":\"https:\\\/\\\/lechtal-alpin.at\\\/wp-content\\\/uploads\\\/2026\\\/04\\\/Logo_Lechtal-Alpin_nur-Schrift-LA-scaled.png\",\"width\":2560,\"height\":1707,\"caption\":\"Marvin K\u00e4rle\"},\"logo\":{\"@id\":\"https:\\\/\\\/lechtal-alpin.at\\\/wp-content\\\/uploads\\\/2026\\\/04\\\/Logo_Lechtal-Alpin_nur-Schrift-LA-scaled.png\"}}]}<\/script>\n<!-- \/ Yoast SEO plugin. -->","yoast_head_json":{"title":"Lawinen Camps - Lechtal Alpin","description":"Tourenplanung, Lawinenreport, Gel\u00e4nde einsch\u00e4tzen und Strategien anwenden, Gefahrenzeichen erkennen, Spurenlage, Schnee- und Lawinenkunde, LVS-Suche","robots":{"index":"index","follow":"follow","max-snippet":"max-snippet:-1","max-image-preview":"max-image-preview:large","max-video-preview":"max-video-preview:-1"},"canonical":"https:\/\/lechtal-alpin.at\/index.php\/lawinen-camp\/","og_locale":"de_DE","og_type":"article","og_title":"Lawinen Camps - Lechtal Alpin","og_description":"Tourenplanung, Lawinenreport, Gel\u00e4nde einsch\u00e4tzen und Strategien anwenden, Gefahrenzeichen erkennen, Spurenlage, Schnee- und Lawinenkunde, LVS-Suche","og_url":"https:\/\/lechtal-alpin.at\/index.php\/lawinen-camp\/","og_site_name":"Lechtal Alpin","article_modified_time":"2026-04-10T09:40:11+00:00","og_image":[{"width":1800,"height":1000,"url":"https:\/\/lechtal-alpin.at\/wp-content\/uploads\/2026\/02\/Lechtal_Alpin_BEITRAG_Lawinen_Camp_neu.jpg","type":"image\/jpeg"}],"twitter_card":"summary_large_image","twitter_misc":{"Gesch\u00e4tzte Lesezeit":"2 Minuten"},"schema":{"@context":"https:\/\/schema.org","@graph":[{"@type":"WebPage","@id":"https:\/\/lechtal-alpin.at\/index.php\/lawinen-camp\/","url":"https:\/\/lechtal-alpin.at\/index.php\/lawinen-camp\/","name":"Lawinen Camps - Lechtal Alpin","isPartOf":{"@id":"https:\/\/lechtal-alpin.at\/#website"},"primaryImageOfPage":{"@id":"https:\/\/lechtal-alpin.at\/index.php\/lawinen-camp\/#primaryimage"},"image":{"@id":"https:\/\/lechtal-alpin.at\/index.php\/lawinen-camp\/#primaryimage"},"thumbnailUrl":"https:\/\/lechtal-alpin.at\/wp-content\/uploads\/2026\/02\/Lechtal_Alpin_BEITRAG_Lawinen_Camp_neu.jpg","datePublished":"2026-01-09T13:49:03+00:00","dateModified":"2026-04-10T09:40:11+00:00","description":"Tourenplanung, Lawinenreport, Gel\u00e4nde einsch\u00e4tzen und Strategien anwenden, Gefahrenzeichen erkennen, Spurenlage, Schnee- und Lawinenkunde, LVS-Suche","breadcrumb":{"@id":"https:\/\/lechtal-alpin.at\/index.php\/lawinen-camp\/#breadcrumb"},"inLanguage":"de-AT","potentialAction":[{"@type":"ReadAction","target":["https:\/\/lechtal-alpin.at\/index.php\/lawinen-camp\/"]}]},{"@type":"ImageObject","inLanguage":"de-AT","@id":"https:\/\/lechtal-alpin.at\/index.php\/lawinen-camp\/#primaryimage","url":"https:\/\/lechtal-alpin.at\/wp-content\/uploads\/2026\/02\/Lechtal_Alpin_BEITRAG_Lawinen_Camp_neu.jpg","contentUrl":"https:\/\/lechtal-alpin.at\/wp-content\/uploads\/2026\/02\/Lechtal_Alpin_BEITRAG_Lawinen_Camp_neu.jpg","width":1800,"height":1000},{"@type":"BreadcrumbList","@id":"https:\/\/lechtal-alpin.at\/index.php\/lawinen-camp\/#breadcrumb","itemListElement":[{"@type":"ListItem","position":1,"name":"Startseite","item":"https:\/\/lechtal-alpin.at\/"},{"@type":"ListItem","position":2,"name":"Lawinen Camps"}]},{"@type":"WebSite","@id":"https:\/\/lechtal-alpin.at\/#website","url":"https:\/\/lechtal-alpin.at\/","name":"Lechtal Alpin","description":"","publisher":{"@id":"https:\/\/lechtal-alpin.at\/#\/schema\/person\/c379d06227bea9bcc3119575c50a158d"},"potentialAction":[{"@type":"SearchAction","target":{"@type":"EntryPoint","urlTemplate":"https:\/\/lechtal-alpin.at\/?s={search_term_string}"},"query-input":{"@type":"PropertyValueSpecification","valueRequired":true,"valueName":"search_term_string"}}],"inLanguage":"de-AT"},{"@type":["Person","Organization"],"@id":"https:\/\/lechtal-alpin.at\/#\/schema\/person\/c379d06227bea9bcc3119575c50a158d","name":"Marvin K\u00e4rle","image":{"@type":"ImageObject","inLanguage":"de-AT","@id":"https:\/\/lechtal-alpin.at\/wp-content\/uploads\/2026\/04\/Logo_Lechtal-Alpin_nur-Schrift-LA-scaled.png","url":"https:\/\/lechtal-alpin.at\/wp-content\/uploads\/2026\/04\/Logo_Lechtal-Alpin_nur-Schrift-LA-scaled.png","contentUrl":"https:\/\/lechtal-alpin.at\/wp-content\/uploads\/2026\/04\/Logo_Lechtal-Alpin_nur-Schrift-LA-scaled.png","width":2560,"height":1707,"caption":"Marvin K\u00e4rle"},"logo":{"@id":"https:\/\/lechtal-alpin.at\/wp-content\/uploads\/2026\/04\/Logo_Lechtal-Alpin_nur-Schrift-LA-scaled.png"}}]}},"_links":{"self":[{"href":"https:\/\/lechtal-alpin.at\/index.php\/wp-json\/wp\/v2\/pages\/588","targetHints":{"allow":["GET"]}}],"collection":[{"href":"https:\/\/lechtal-alpin.at\/index.php\/wp-json\/wp\/v2\/pages"}],"about":[{"href":"https:\/\/lechtal-alpin.at\/index.php\/wp-json\/wp\/v2\/types\/page"}],"author":[{"embeddable":true,"href":"https:\/\/lechtal-alpin.at\/index.php\/wp-json\/wp\/v2\/users\/4"}],"replies":[{"embeddable":true,"href":"https:\/\/lechtal-alpin.at\/index.php\/wp-json\/wp\/v2\/comments?post=588"}],"version-history":[{"count":17,"href":"https:\/\/lechtal-alpin.at\/index.php\/wp-json\/wp\/v2\/pages\/588\/revisions"}],"predecessor-version":[{"id":1442,"href":"https:\/\/lechtal-alpin.at\/index.php\/wp-json\/wp\/v2\/pages\/588\/revisions\/1442"}],"wp:featuredmedia":[{"embeddable":true,"href":"https:\/\/lechtal-alpin.at\/index.php\/wp-json\/wp\/v2\/media\/1419"}],"wp:attachment":[{"href":"https:\/\/lechtal-alpin.at\/index.php\/wp-json\/wp\/v2\/media?parent=588"}],"curies":[{"name":"wp","href":"https:\/\/api.w.org\/{rel}","templated":true}]}}