{"id":574,"date":"2026-01-09T13:22:07","date_gmt":"2026-01-09T13:22:07","guid":{"rendered":"https:\/\/dev-lechtal-alpin.at\/?page_id=574"},"modified":"2026-04-10T11:53:15","modified_gmt":"2026-04-10T11:53:15","slug":"water-action","status":"publish","type":"page","link":"https:\/\/lechtal-alpin.at\/index.php\/water-action\/","title":{"rendered":"Water Action"},"content":{"rendered":"<div class=\"wpb-content-wrapper\"><p>[vc_row][vc_column][vc_empty_space height=&#8220;60&#8243;][vc_row_inner equal_height=&#8220;yes&#8220; gap=&#8220;5&#8243;][vc_column_inner width=&#8220;1\/2&#8243;][\/vc_column_inner][vc_column_inner width=&#8220;1\/2&#8243; css=&#8220;.vc_custom_1769756093731{background-color: #E3E3E3 !important;background-position: center !important;background-repeat: no-repeat !important;background-size: cover !important;}&#8220;][vc_column_text css=&#8220;.vc_custom_1770375378616{margin-right: 15px !important;margin-left: 20px !important;}&#8220;]<\/p>\n<h3><strong><span style=\"color: #ae6523;\">WATER ACTION<br \/>\n<\/span><\/strong><span style=\"color: #ae6523;\">Canyoning<\/span><\/h3>\n<p><strong>Dauer:<\/strong> ca. 4\u20135 h<br \/>\n<strong>Teilnehmer:<\/strong> 1\u20136 Personen<\/p>\n<p><strong>Ausgangsort:<\/strong> H\u00e4selgehr<br \/>\n<strong>Voraussetzung:<\/strong> Grundkondition, Trittsicherheit, etwas Mut<\/p>\n<h4><strong><span style=\"color: #ae6523;\">Ab \u20ac 95,00 \/ pro Person<\/span><\/strong><\/h4>\n<p>[\/vc_column_text][\/vc_column_inner][\/vc_row_inner][vc_empty_space height=&#8220;60&#8243;][\/vc_column][\/vc_row][vc_row full_width=&#8220;stretch_row&#8220; css=&#8220;.vc_custom_1763991539983{background-color: #E3E3E3 !important;background-position: center !important;background-repeat: no-repeat !important;background-size: cover !important;}&#8220;][vc_column][vc_empty_space height=&#8220;20&#8243;][vc_row_inner gap=&#8220;15&#8243;][vc_column_inner width=&#8220;1\/2&#8243;][vc_column_text css=&#8220;&#8220;]<strong>Der Klassiker im Lechtal: wundersch\u00f6ne eingeschnittene Schlucht. F\u00fcr sportliche Einsteiger als auch Fortgeschritten hervorragend geeignet. Abseilen bis zu 25m, mehrere Rutschen und je nach Wasserstand auch 1-2 Spr\u00fcnge.<\/strong><\/p>\n<p>Treffpunkt um 9:00 Uhr in H\u00e4selgehr 60a an der Canyoning Base (Lechtal Alpin Canyoning). Dort bekommt ihr nach einem ausf\u00fchrlichen Briefing die komplette Ausr\u00fcstung. Anschlie\u00dfend gemeinsame Fahrt zur Schlucht und kurzer Zustieg zum Einstieg der Tour. Nun folgt das finale Einf\u00fchrungsgespr\u00e4ch zum Verhalten in der Schlucht und anschlie\u00dfend kann es dann schon los gehen.[\/vc_column_text][\/vc_column_inner][vc_column_inner width=&#8220;1\/2&#8243;][vc_column_text css=&#8220;&#8220;]<strong>Leistung:<\/strong><br \/>\n\u2022 Planung und Organisation<br \/>\n\u2022 F\u00fchrung durch staatlich gepr\u00fcften Canyoningf\u00fchrer<br \/>\n\u2022 komplette und moderne Canyoning Ausr\u00fcstung<br \/>\n\u2022 Actionfotos<br \/>\n\u2022 Neue Base inkl. Duschen<br \/>\n\u2022 Transfer zur Schlucht<\/p>\n<p><strong>Mitzubringen:<\/strong><br \/>\nBadesachen, Handtuch, Sportshirt, Brillentr\u00e4ger eventuell Kontaktlinsen<\/p>\n<p><strong>Preisinfo:<br \/>\n<\/strong>\u20ac 95,00 \/ Person ab 4 TN<br \/>\n\u20ac 125,00 \/ Person bei 3 TN<br \/>\n\u20ac 190,00 \/ Person bei 2 TN<br \/>\n\u20ac 380,00 \/ Person bei 1 TN[\/vc_column_text][vc_btn title=&#8220;JETZT ANFRAGEN&#8220; style=&#8220;outline-custom&#8220; outline_custom_color=&#8220;#AE6523&#8243; outline_custom_hover_background=&#8220;#AE6523&#8243; shape=&#8220;square&#8220; align=&#8220;left&#8220; css=&#8220;&#8220; link=&#8220;url:mailto%3Amarvin%40lechtal-alpin.at%3Fsubject%3DAnfrage%20Canyoning-Water-Action&#8220;][\/vc_column_inner][\/vc_row_inner][vc_empty_space height=&#8220;20&#8243;][\/vc_column][\/vc_row]<\/p>\n<\/div>","protected":false},"excerpt":{"rendered":"<p>[vc_row][vc_column][vc_empty_space height=&#8220;60&#8243;][vc_row_inner equal_height=&#8220;yes&#8220; gap=&#8220;5&#8243;][vc_column_inner width=&#8220;1\/2&#8243;][\/vc_column_inner][vc_column_inner width=&#8220;1\/2&#8243; css=&#8220;.vc_custom_1769756093731{background-color: #E3E3E3 !important;background-position: center !important;background-repeat: no-repeat !important;background-size: cover !important;}&#8220;][vc_column_text css=&#8220;.vc_custom_1770375378616{margin-right: 15px !important;margin-left: 20px !important;}&#8220;] WATER ACTION Canyoning Dauer: ca. 4\u20135 h Teilnehmer: 1\u20136 Personen Ausgangsort: H\u00e4selgehr Voraussetzung: Grundkondition, Trittsicherheit, etwas Mut Ab \u20ac 95,00 \/ pro Person [\/vc_column_text][\/vc_column_inner][\/vc_row_inner][vc_empty_space height=&#8220;60&#8243;][\/vc_column][\/vc_row][vc_row full_width=&#8220;stretch_row&#8220; css=&#8220;.vc_custom_1763991539983{background-color: #E3E3E3 !important;background-position: center [&hellip;]<\/p>\n","protected":false},"author":4,"featured_media":1415,"parent":0,"menu_order":0,"comment_status":"closed","ping_status":"closed","template":"","meta":{"inspiro_page_layout":"narrow","inspiro_hide_title":false,"footnotes":""},"class_list":["post-574","page","type-page","status-publish","has-post-thumbnail","hentry"],"yoast_head":"<!-- This site is optimized with the Yoast SEO plugin v27.3 - https:\/\/yoast.com\/product\/yoast-seo-wordpress\/ -->\n<title>Water Action Canyoning - Lechtal Alpin<\/title>\n<meta name=\"description\" content=\"Wundersch\u00f6ne eingeschnittene Schlucht. F\u00fcr sportliche Einsteiger als auch Fortgeschritten hervorragend geeignet. Abseilen bis zu 25m, mehrere Rutschen und je nach Wasserstand auch 1-2 Spr\u00fcnge.\" \/>\n<meta name=\"robots\" content=\"index, follow, max-snippet:-1, max-image-preview:large, max-video-preview:-1\" \/>\n<link rel=\"canonical\" href=\"https:\/\/lechtal-alpin.at\/index.php\/water-action\/\" \/>\n<meta property=\"og:locale\" content=\"de_DE\" \/>\n<meta property=\"og:type\" content=\"article\" \/>\n<meta property=\"og:title\" content=\"Water Action Canyoning - Lechtal Alpin\" \/>\n<meta property=\"og:description\" content=\"Wundersch\u00f6ne eingeschnittene Schlucht. F\u00fcr sportliche Einsteiger als auch Fortgeschritten hervorragend geeignet. Abseilen bis zu 25m, mehrere Rutschen und je nach Wasserstand auch 1-2 Spr\u00fcnge.\" \/>\n<meta property=\"og:url\" content=\"https:\/\/lechtal-alpin.at\/index.php\/water-action\/\" \/>\n<meta property=\"og:site_name\" content=\"Lechtal Alpin\" \/>\n<meta property=\"article:modified_time\" content=\"2026-04-10T11:53:15+00:00\" \/>\n<meta property=\"og:image\" content=\"https:\/\/lechtal-alpin.at\/wp-content\/uploads\/2026\/02\/Lechtal_Alpin_BEITRAG_Water_Action_Canyoing.jpg\" \/>\n\t<meta property=\"og:image:width\" content=\"1800\" \/>\n\t<meta property=\"og:image:height\" content=\"1000\" \/>\n\t<meta property=\"og:image:type\" content=\"image\/jpeg\" \/>\n<meta name=\"twitter:card\" content=\"summary_large_image\" \/>\n<meta name=\"twitter:label1\" content=\"Gesch\u00e4tzte Lesezeit\" \/>\n\t<meta name=\"twitter:data1\" content=\"2 Minuten\" \/>\n<script type=\"application\/ld+json\" class=\"yoast-schema-graph\">{\"@context\":\"https:\\\/\\\/schema.org\",\"@graph\":[{\"@type\":\"WebPage\",\"@id\":\"https:\\\/\\\/lechtal-alpin.at\\\/index.php\\\/water-action\\\/\",\"url\":\"https:\\\/\\\/lechtal-alpin.at\\\/index.php\\\/water-action\\\/\",\"name\":\"Water Action Canyoning - Lechtal Alpin\",\"isPartOf\":{\"@id\":\"https:\\\/\\\/lechtal-alpin.at\\\/#website\"},\"primaryImageOfPage\":{\"@id\":\"https:\\\/\\\/lechtal-alpin.at\\\/index.php\\\/water-action\\\/#primaryimage\"},\"image\":{\"@id\":\"https:\\\/\\\/lechtal-alpin.at\\\/index.php\\\/water-action\\\/#primaryimage\"},\"thumbnailUrl\":\"https:\\\/\\\/lechtal-alpin.at\\\/wp-content\\\/uploads\\\/2026\\\/02\\\/Lechtal_Alpin_BEITRAG_Water_Action_Canyoing.jpg\",\"datePublished\":\"2026-01-09T13:22:07+00:00\",\"dateModified\":\"2026-04-10T11:53:15+00:00\",\"description\":\"Wundersch\u00f6ne eingeschnittene Schlucht. F\u00fcr sportliche Einsteiger als auch Fortgeschritten hervorragend geeignet. Abseilen bis zu 25m, mehrere Rutschen und je nach Wasserstand auch 1-2 Spr\u00fcnge.\",\"breadcrumb\":{\"@id\":\"https:\\\/\\\/lechtal-alpin.at\\\/index.php\\\/water-action\\\/#breadcrumb\"},\"inLanguage\":\"de-AT\",\"potentialAction\":[{\"@type\":\"ReadAction\",\"target\":[\"https:\\\/\\\/lechtal-alpin.at\\\/index.php\\\/water-action\\\/\"]}]},{\"@type\":\"ImageObject\",\"inLanguage\":\"de-AT\",\"@id\":\"https:\\\/\\\/lechtal-alpin.at\\\/index.php\\\/water-action\\\/#primaryimage\",\"url\":\"https:\\\/\\\/lechtal-alpin.at\\\/wp-content\\\/uploads\\\/2026\\\/02\\\/Lechtal_Alpin_BEITRAG_Water_Action_Canyoing.jpg\",\"contentUrl\":\"https:\\\/\\\/lechtal-alpin.at\\\/wp-content\\\/uploads\\\/2026\\\/02\\\/Lechtal_Alpin_BEITRAG_Water_Action_Canyoing.jpg\",\"width\":1800,\"height\":1000},{\"@type\":\"BreadcrumbList\",\"@id\":\"https:\\\/\\\/lechtal-alpin.at\\\/index.php\\\/water-action\\\/#breadcrumb\",\"itemListElement\":[{\"@type\":\"ListItem\",\"position\":1,\"name\":\"Startseite\",\"item\":\"https:\\\/\\\/lechtal-alpin.at\\\/\"},{\"@type\":\"ListItem\",\"position\":2,\"name\":\"Water Action\"}]},{\"@type\":\"WebSite\",\"@id\":\"https:\\\/\\\/lechtal-alpin.at\\\/#website\",\"url\":\"https:\\\/\\\/lechtal-alpin.at\\\/\",\"name\":\"Lechtal Alpin\",\"description\":\"\",\"publisher\":{\"@id\":\"https:\\\/\\\/lechtal-alpin.at\\\/#\\\/schema\\\/person\\\/c379d06227bea9bcc3119575c50a158d\"},\"potentialAction\":[{\"@type\":\"SearchAction\",\"target\":{\"@type\":\"EntryPoint\",\"urlTemplate\":\"https:\\\/\\\/lechtal-alpin.at\\\/?s={search_term_string}\"},\"query-input\":{\"@type\":\"PropertyValueSpecification\",\"valueRequired\":true,\"valueName\":\"search_term_string\"}}],\"inLanguage\":\"de-AT\"},{\"@type\":[\"Person\",\"Organization\"],\"@id\":\"https:\\\/\\\/lechtal-alpin.at\\\/#\\\/schema\\\/person\\\/c379d06227bea9bcc3119575c50a158d\",\"name\":\"Marvin K\u00e4rle\",\"image\":{\"@type\":\"ImageObject\",\"inLanguage\":\"de-AT\",\"@id\":\"https:\\\/\\\/lechtal-alpin.at\\\/wp-content\\\/uploads\\\/2026\\\/04\\\/Logo_Lechtal-Alpin_nur-Schrift-LA-scaled.png\",\"url\":\"https:\\\/\\\/lechtal-alpin.at\\\/wp-content\\\/uploads\\\/2026\\\/04\\\/Logo_Lechtal-Alpin_nur-Schrift-LA-scaled.png\",\"contentUrl\":\"https:\\\/\\\/lechtal-alpin.at\\\/wp-content\\\/uploads\\\/2026\\\/04\\\/Logo_Lechtal-Alpin_nur-Schrift-LA-scaled.png\",\"width\":2560,\"height\":1707,\"caption\":\"Marvin K\u00e4rle\"},\"logo\":{\"@id\":\"https:\\\/\\\/lechtal-alpin.at\\\/wp-content\\\/uploads\\\/2026\\\/04\\\/Logo_Lechtal-Alpin_nur-Schrift-LA-scaled.png\"}}]}<\/script>\n<!-- \/ Yoast SEO plugin. -->","yoast_head_json":{"title":"Water Action Canyoning - Lechtal Alpin","description":"Wundersch\u00f6ne eingeschnittene Schlucht. F\u00fcr sportliche Einsteiger als auch Fortgeschritten hervorragend geeignet. Abseilen bis zu 25m, mehrere Rutschen und je nach Wasserstand auch 1-2 Spr\u00fcnge.","robots":{"index":"index","follow":"follow","max-snippet":"max-snippet:-1","max-image-preview":"max-image-preview:large","max-video-preview":"max-video-preview:-1"},"canonical":"https:\/\/lechtal-alpin.at\/index.php\/water-action\/","og_locale":"de_DE","og_type":"article","og_title":"Water Action Canyoning - Lechtal Alpin","og_description":"Wundersch\u00f6ne eingeschnittene Schlucht. F\u00fcr sportliche Einsteiger als auch Fortgeschritten hervorragend geeignet. Abseilen bis zu 25m, mehrere Rutschen und je nach Wasserstand auch 1-2 Spr\u00fcnge.","og_url":"https:\/\/lechtal-alpin.at\/index.php\/water-action\/","og_site_name":"Lechtal Alpin","article_modified_time":"2026-04-10T11:53:15+00:00","og_image":[{"width":1800,"height":1000,"url":"https:\/\/lechtal-alpin.at\/wp-content\/uploads\/2026\/02\/Lechtal_Alpin_BEITRAG_Water_Action_Canyoing.jpg","type":"image\/jpeg"}],"twitter_card":"summary_large_image","twitter_misc":{"Gesch\u00e4tzte Lesezeit":"2 Minuten"},"schema":{"@context":"https:\/\/schema.org","@graph":[{"@type":"WebPage","@id":"https:\/\/lechtal-alpin.at\/index.php\/water-action\/","url":"https:\/\/lechtal-alpin.at\/index.php\/water-action\/","name":"Water Action Canyoning - Lechtal Alpin","isPartOf":{"@id":"https:\/\/lechtal-alpin.at\/#website"},"primaryImageOfPage":{"@id":"https:\/\/lechtal-alpin.at\/index.php\/water-action\/#primaryimage"},"image":{"@id":"https:\/\/lechtal-alpin.at\/index.php\/water-action\/#primaryimage"},"thumbnailUrl":"https:\/\/lechtal-alpin.at\/wp-content\/uploads\/2026\/02\/Lechtal_Alpin_BEITRAG_Water_Action_Canyoing.jpg","datePublished":"2026-01-09T13:22:07+00:00","dateModified":"2026-04-10T11:53:15+00:00","description":"Wundersch\u00f6ne eingeschnittene Schlucht. F\u00fcr sportliche Einsteiger als auch Fortgeschritten hervorragend geeignet. Abseilen bis zu 25m, mehrere Rutschen und je nach Wasserstand auch 1-2 Spr\u00fcnge.","breadcrumb":{"@id":"https:\/\/lechtal-alpin.at\/index.php\/water-action\/#breadcrumb"},"inLanguage":"de-AT","potentialAction":[{"@type":"ReadAction","target":["https:\/\/lechtal-alpin.at\/index.php\/water-action\/"]}]},{"@type":"ImageObject","inLanguage":"de-AT","@id":"https:\/\/lechtal-alpin.at\/index.php\/water-action\/#primaryimage","url":"https:\/\/lechtal-alpin.at\/wp-content\/uploads\/2026\/02\/Lechtal_Alpin_BEITRAG_Water_Action_Canyoing.jpg","contentUrl":"https:\/\/lechtal-alpin.at\/wp-content\/uploads\/2026\/02\/Lechtal_Alpin_BEITRAG_Water_Action_Canyoing.jpg","width":1800,"height":1000},{"@type":"BreadcrumbList","@id":"https:\/\/lechtal-alpin.at\/index.php\/water-action\/#breadcrumb","itemListElement":[{"@type":"ListItem","position":1,"name":"Startseite","item":"https:\/\/lechtal-alpin.at\/"},{"@type":"ListItem","position":2,"name":"Water Action"}]},{"@type":"WebSite","@id":"https:\/\/lechtal-alpin.at\/#website","url":"https:\/\/lechtal-alpin.at\/","name":"Lechtal Alpin","description":"","publisher":{"@id":"https:\/\/lechtal-alpin.at\/#\/schema\/person\/c379d06227bea9bcc3119575c50a158d"},"potentialAction":[{"@type":"SearchAction","target":{"@type":"EntryPoint","urlTemplate":"https:\/\/lechtal-alpin.at\/?s={search_term_string}"},"query-input":{"@type":"PropertyValueSpecification","valueRequired":true,"valueName":"search_term_string"}}],"inLanguage":"de-AT"},{"@type":["Person","Organization"],"@id":"https:\/\/lechtal-alpin.at\/#\/schema\/person\/c379d06227bea9bcc3119575c50a158d","name":"Marvin K\u00e4rle","image":{"@type":"ImageObject","inLanguage":"de-AT","@id":"https:\/\/lechtal-alpin.at\/wp-content\/uploads\/2026\/04\/Logo_Lechtal-Alpin_nur-Schrift-LA-scaled.png","url":"https:\/\/lechtal-alpin.at\/wp-content\/uploads\/2026\/04\/Logo_Lechtal-Alpin_nur-Schrift-LA-scaled.png","contentUrl":"https:\/\/lechtal-alpin.at\/wp-content\/uploads\/2026\/04\/Logo_Lechtal-Alpin_nur-Schrift-LA-scaled.png","width":2560,"height":1707,"caption":"Marvin K\u00e4rle"},"logo":{"@id":"https:\/\/lechtal-alpin.at\/wp-content\/uploads\/2026\/04\/Logo_Lechtal-Alpin_nur-Schrift-LA-scaled.png"}}]}},"_links":{"self":[{"href":"https:\/\/lechtal-alpin.at\/index.php\/wp-json\/wp\/v2\/pages\/574","targetHints":{"allow":["GET"]}}],"collection":[{"href":"https:\/\/lechtal-alpin.at\/index.php\/wp-json\/wp\/v2\/pages"}],"about":[{"href":"https:\/\/lechtal-alpin.at\/index.php\/wp-json\/wp\/v2\/types\/page"}],"author":[{"embeddable":true,"href":"https:\/\/lechtal-alpin.at\/index.php\/wp-json\/wp\/v2\/users\/4"}],"replies":[{"embeddable":true,"href":"https:\/\/lechtal-alpin.at\/index.php\/wp-json\/wp\/v2\/comments?post=574"}],"version-history":[{"count":7,"href":"https:\/\/lechtal-alpin.at\/index.php\/wp-json\/wp\/v2\/pages\/574\/revisions"}],"predecessor-version":[{"id":1288,"href":"https:\/\/lechtal-alpin.at\/index.php\/wp-json\/wp\/v2\/pages\/574\/revisions\/1288"}],"wp:featuredmedia":[{"embeddable":true,"href":"https:\/\/lechtal-alpin.at\/index.php\/wp-json\/wp\/v2\/media\/1415"}],"wp:attachment":[{"href":"https:\/\/lechtal-alpin.at\/index.php\/wp-json\/wp\/v2\/media?parent=574"}],"curies":[{"name":"wp","href":"https:\/\/api.w.org\/{rel}","templated":true}]}}