{"id":535,"date":"2026-01-08T14:25:01","date_gmt":"2026-01-08T14:25:01","guid":{"rendered":"https:\/\/dev-lechtal-alpin.at\/?page_id=535"},"modified":"2026-04-10T09:20:03","modified_gmt":"2026-04-10T09:20:03","slug":"heiterwand-ueberschreitung","status":"publish","type":"page","link":"https:\/\/lechtal-alpin.at\/index.php\/heiterwand-ueberschreitung\/","title":{"rendered":"Heiterwand \u00dcberschreitung"},"content":{"rendered":"<div class=\"wpb-content-wrapper\"><p>[vc_row][vc_column][vc_empty_space height=&#8220;60&#8243;][vc_row_inner equal_height=&#8220;yes&#8220; gap=&#8220;5&#8243;][vc_column_inner width=&#8220;1\/2&#8243;][\/vc_column_inner][vc_column_inner width=&#8220;1\/2&#8243; css=&#8220;.vc_custom_1769756093731{background-color: #E3E3E3 !important;background-position: center !important;background-repeat: no-repeat !important;background-size: cover !important;}&#8220;][vc_column_text css=&#8220;.vc_custom_1770370810367{margin-right: 15px !important;margin-left: 20px !important;}&#8220;]<\/p>\n<h3><strong><span style=\"color: #ae6523;\">HEITERWAND<br \/>\n<\/span><\/strong><span style=\"color: #ae6523;\">\u00dcberschreitung<\/span><\/h3>\n<p><strong>Dauer:<\/strong> 1 Tag | <strong>Teilnehmer:<\/strong> 1 Person<\/p>\n<p><strong>Ausgangsort:<\/strong> Hahntennjoch<br \/>\n<strong>Schwierigkeit:<\/strong> Extrem lange Tour, Kletterei II-III, Stellen IV<br \/>\n<strong>Voraussetzung:<\/strong> gute Trittsicherheit, Schwindelfreiheit &amp; sicheres und schnelles Klettern im Nachstieg, sehr gute Kondition<\/p>\n<h4><strong><span style=\"color: #ae6523;\">Ab \u20ac 850,00 \/ pro Person<\/span><\/strong><\/h4>\n<p>[\/vc_column_text][\/vc_column_inner][\/vc_row_inner][vc_empty_space height=&#8220;60&#8243;][\/vc_column][\/vc_row][vc_row full_width=&#8220;stretch_row&#8220; css=&#8220;.vc_custom_1763991539983{background-color: #E3E3E3 !important;background-position: center !important;background-repeat: no-repeat !important;background-size: cover !important;}&#8220;][vc_column][vc_empty_space height=&#8220;20&#8243;][vc_row_inner gap=&#8220;15&#8243;][vc_column_inner width=&#8220;1\/2&#8243;][vc_column_text css=&#8220;&#8220;]<strong>Mit 7,5km ist die Heiterwand einer der l\u00e4ngsten zusammenh\u00e4ngenden Grate der gesamten n\u00f6rdlichen Kalkaplen. In einer gigantischen Felsfahrt werden \u00fcber 10 eigenst\u00e4ndige Gipfel an einem Tag \u00fcberklettert.<\/strong><\/p>\n<p>Um 04:00 Uhr morgens starten wir an unserem Ausgangspunkt, dem Hahntennjoch. Zuerst wandern wir bis zum Steinj\u00f6chel und weiter zum Maldongrat, ab hier geht es so richtig los. Von nun an wird die Kletterei immer mehr und mehr. Wir steigen und klettern \u00fcber zahlreiche kleine Felst\u00fcrme, Zacken &amp; Gipfel, den ganzen Tag am ausgesetzten Grat. Nachdem der letzte Gipfel, erreicht wurde, geht es \u00fcber Schrofengel\u00e4nde hinunter bis zur Heiterwand H\u00fctte. Von dort m\u00fcssen wir nun noch den Abstieg bis nach Tarrenz bew\u00e4ltigen. Von dort fahren wir mit dem Taxi zur\u00fcck zu unserem Ausgangspunkt.[\/vc_column_text][\/vc_column_inner][vc_column_inner width=&#8220;1\/2&#8243;][vc_column_text css=&#8220;&#8220;]<strong>Leistung: <\/strong><br \/>\n\u2022 Planung und Organisation<br \/>\n\u2022 F\u00fchrung durch staatlich gepr\u00fcften Berg- und Skif\u00fchrer<br \/>\n\u2022 Leihausr\u00fcstung<\/p>\n<p><strong>Zusatzkosten: <\/strong><br \/>\n\u2022 Kosten f\u00fcr An- und Abreise<br \/>\n\u2022 Taxi zur\u00fcck zum Ausgangspunkt<\/p>\n<p><strong>Unterkunft Empfehlung:<\/strong><br \/>\n\u2022<a href=\"https:\/\/apartment-lechtal-alpin.at\"> Apartment Lechtal Alpin<\/a>[\/vc_column_text][vc_btn title=&#8220;JETZT ANFRAGEN&#8220; style=&#8220;outline-custom&#8220; outline_custom_color=&#8220;#AE6523&#8243; outline_custom_hover_background=&#8220;#AE6523&#8243; shape=&#8220;square&#8220; align=&#8220;left&#8220; css=&#8220;&#8220; link=&#8220;url:mailto%3Amarvin%40lechtal-alpin.at%3Fsubject%3DAnfrage%20Bergsteigen-Heiterwand-%C3%9Cberschreitung&#8220;][\/vc_column_inner][\/vc_row_inner][vc_empty_space height=&#8220;20&#8243;][\/vc_column][\/vc_row]<\/p>\n<\/div>","protected":false},"excerpt":{"rendered":"<p>[vc_row][vc_column][vc_empty_space height=&#8220;60&#8243;][vc_row_inner equal_height=&#8220;yes&#8220; gap=&#8220;5&#8243;][vc_column_inner width=&#8220;1\/2&#8243;][\/vc_column_inner][vc_column_inner width=&#8220;1\/2&#8243; css=&#8220;.vc_custom_1769756093731{background-color: #E3E3E3 !important;background-position: center !important;background-repeat: no-repeat !important;background-size: cover !important;}&#8220;][vc_column_text css=&#8220;.vc_custom_1770370810367{margin-right: 15px !important;margin-left: 20px !important;}&#8220;] HEITERWAND \u00dcberschreitung Dauer: 1 Tag | Teilnehmer: 1 Person Ausgangsort: Hahntennjoch Schwierigkeit: Extrem lange Tour, Kletterei II-III, Stellen IV Voraussetzung: gute Trittsicherheit, Schwindelfreiheit &amp; sicheres und schnelles Klettern im Nachstieg, [&hellip;]<\/p>\n","protected":false},"author":4,"featured_media":1384,"parent":0,"menu_order":0,"comment_status":"closed","ping_status":"closed","template":"","meta":{"inspiro_page_layout":"narrow","inspiro_hide_title":false,"footnotes":""},"class_list":["post-535","page","type-page","status-publish","has-post-thumbnail","hentry"],"yoast_head":"<!-- This site is optimized with the Yoast SEO plugin v27.3 - https:\/\/yoast.com\/product\/yoast-seo-wordpress\/ -->\n<title>Heiterwand \u00dcberschreitung - Lechtal Alpin<\/title>\n<meta name=\"description\" content=\"Die Heiterwand, einer der l\u00e4ngsten zusammenh\u00e4ngenden Grate der gesamten n\u00f6rdlichen Kalkaplen. In einer gigantischen Felsfahrt werden \u00fcber 10 eigenst\u00e4ndige Gipfel an einem Tag \u00fcberklettert. Spektakul\u00e4re Tour mit erfahrenem &amp; einheimischem Bergf\u00fchrer\" \/>\n<meta name=\"robots\" content=\"index, follow, max-snippet:-1, max-image-preview:large, max-video-preview:-1\" \/>\n<link rel=\"canonical\" href=\"https:\/\/lechtal-alpin.at\/index.php\/heiterwand-ueberschreitung\/\" \/>\n<meta property=\"og:locale\" content=\"de_DE\" \/>\n<meta property=\"og:type\" content=\"article\" \/>\n<meta property=\"og:title\" content=\"Heiterwand \u00dcberschreitung - Lechtal Alpin\" \/>\n<meta property=\"og:description\" content=\"Die Heiterwand, einer der l\u00e4ngsten zusammenh\u00e4ngenden Grate der gesamten n\u00f6rdlichen Kalkaplen. In einer gigantischen Felsfahrt werden \u00fcber 10 eigenst\u00e4ndige Gipfel an einem Tag \u00fcberklettert. Spektakul\u00e4re Tour mit erfahrenem &amp; einheimischem Bergf\u00fchrer\" \/>\n<meta property=\"og:url\" content=\"https:\/\/lechtal-alpin.at\/index.php\/heiterwand-ueberschreitung\/\" \/>\n<meta property=\"og:site_name\" content=\"Lechtal Alpin\" \/>\n<meta property=\"article:modified_time\" content=\"2026-04-10T09:20:03+00:00\" \/>\n<meta property=\"og:image\" content=\"https:\/\/lechtal-alpin.at\/wp-content\/uploads\/2026\/02\/Lechtal_Alpin-Home_Bergerlebnisse.jpg\" \/>\n\t<meta property=\"og:image:width\" content=\"1800\" \/>\n\t<meta property=\"og:image:height\" content=\"1000\" \/>\n\t<meta property=\"og:image:type\" content=\"image\/jpeg\" \/>\n<meta name=\"twitter:card\" content=\"summary_large_image\" \/>\n<meta name=\"twitter:label1\" content=\"Gesch\u00e4tzte Lesezeit\" \/>\n\t<meta name=\"twitter:data1\" content=\"2 Minuten\" \/>\n<script type=\"application\/ld+json\" class=\"yoast-schema-graph\">{\"@context\":\"https:\\\/\\\/schema.org\",\"@graph\":[{\"@type\":\"WebPage\",\"@id\":\"https:\\\/\\\/lechtal-alpin.at\\\/index.php\\\/heiterwand-ueberschreitung\\\/\",\"url\":\"https:\\\/\\\/lechtal-alpin.at\\\/index.php\\\/heiterwand-ueberschreitung\\\/\",\"name\":\"Heiterwand \u00dcberschreitung - Lechtal Alpin\",\"isPartOf\":{\"@id\":\"https:\\\/\\\/lechtal-alpin.at\\\/#website\"},\"primaryImageOfPage\":{\"@id\":\"https:\\\/\\\/lechtal-alpin.at\\\/index.php\\\/heiterwand-ueberschreitung\\\/#primaryimage\"},\"image\":{\"@id\":\"https:\\\/\\\/lechtal-alpin.at\\\/index.php\\\/heiterwand-ueberschreitung\\\/#primaryimage\"},\"thumbnailUrl\":\"https:\\\/\\\/lechtal-alpin.at\\\/wp-content\\\/uploads\\\/2026\\\/02\\\/Lechtal_Alpin-Home_Bergerlebnisse.jpg\",\"datePublished\":\"2026-01-08T14:25:01+00:00\",\"dateModified\":\"2026-04-10T09:20:03+00:00\",\"description\":\"Die Heiterwand, einer der l\u00e4ngsten zusammenh\u00e4ngenden Grate der gesamten n\u00f6rdlichen Kalkaplen. In einer gigantischen Felsfahrt werden \u00fcber 10 eigenst\u00e4ndige Gipfel an einem Tag \u00fcberklettert. Spektakul\u00e4re Tour mit erfahrenem & einheimischem Bergf\u00fchrer\",\"breadcrumb\":{\"@id\":\"https:\\\/\\\/lechtal-alpin.at\\\/index.php\\\/heiterwand-ueberschreitung\\\/#breadcrumb\"},\"inLanguage\":\"de-AT\",\"potentialAction\":[{\"@type\":\"ReadAction\",\"target\":[\"https:\\\/\\\/lechtal-alpin.at\\\/index.php\\\/heiterwand-ueberschreitung\\\/\"]}]},{\"@type\":\"ImageObject\",\"inLanguage\":\"de-AT\",\"@id\":\"https:\\\/\\\/lechtal-alpin.at\\\/index.php\\\/heiterwand-ueberschreitung\\\/#primaryimage\",\"url\":\"https:\\\/\\\/lechtal-alpin.at\\\/wp-content\\\/uploads\\\/2026\\\/02\\\/Lechtal_Alpin-Home_Bergerlebnisse.jpg\",\"contentUrl\":\"https:\\\/\\\/lechtal-alpin.at\\\/wp-content\\\/uploads\\\/2026\\\/02\\\/Lechtal_Alpin-Home_Bergerlebnisse.jpg\",\"width\":1800,\"height\":1000},{\"@type\":\"BreadcrumbList\",\"@id\":\"https:\\\/\\\/lechtal-alpin.at\\\/index.php\\\/heiterwand-ueberschreitung\\\/#breadcrumb\",\"itemListElement\":[{\"@type\":\"ListItem\",\"position\":1,\"name\":\"Startseite\",\"item\":\"https:\\\/\\\/lechtal-alpin.at\\\/\"},{\"@type\":\"ListItem\",\"position\":2,\"name\":\"Heiterwand \u00dcberschreitung\"}]},{\"@type\":\"WebSite\",\"@id\":\"https:\\\/\\\/lechtal-alpin.at\\\/#website\",\"url\":\"https:\\\/\\\/lechtal-alpin.at\\\/\",\"name\":\"Lechtal Alpin\",\"description\":\"\",\"publisher\":{\"@id\":\"https:\\\/\\\/lechtal-alpin.at\\\/#\\\/schema\\\/person\\\/c379d06227bea9bcc3119575c50a158d\"},\"potentialAction\":[{\"@type\":\"SearchAction\",\"target\":{\"@type\":\"EntryPoint\",\"urlTemplate\":\"https:\\\/\\\/lechtal-alpin.at\\\/?s={search_term_string}\"},\"query-input\":{\"@type\":\"PropertyValueSpecification\",\"valueRequired\":true,\"valueName\":\"search_term_string\"}}],\"inLanguage\":\"de-AT\"},{\"@type\":[\"Person\",\"Organization\"],\"@id\":\"https:\\\/\\\/lechtal-alpin.at\\\/#\\\/schema\\\/person\\\/c379d06227bea9bcc3119575c50a158d\",\"name\":\"Marvin K\u00e4rle\",\"image\":{\"@type\":\"ImageObject\",\"inLanguage\":\"de-AT\",\"@id\":\"https:\\\/\\\/lechtal-alpin.at\\\/wp-content\\\/uploads\\\/2026\\\/04\\\/Logo_Lechtal-Alpin_nur-Schrift-LA-scaled.png\",\"url\":\"https:\\\/\\\/lechtal-alpin.at\\\/wp-content\\\/uploads\\\/2026\\\/04\\\/Logo_Lechtal-Alpin_nur-Schrift-LA-scaled.png\",\"contentUrl\":\"https:\\\/\\\/lechtal-alpin.at\\\/wp-content\\\/uploads\\\/2026\\\/04\\\/Logo_Lechtal-Alpin_nur-Schrift-LA-scaled.png\",\"width\":2560,\"height\":1707,\"caption\":\"Marvin K\u00e4rle\"},\"logo\":{\"@id\":\"https:\\\/\\\/lechtal-alpin.at\\\/wp-content\\\/uploads\\\/2026\\\/04\\\/Logo_Lechtal-Alpin_nur-Schrift-LA-scaled.png\"}}]}<\/script>\n<!-- \/ Yoast SEO plugin. -->","yoast_head_json":{"title":"Heiterwand \u00dcberschreitung - Lechtal Alpin","description":"Die Heiterwand, einer der l\u00e4ngsten zusammenh\u00e4ngenden Grate der gesamten n\u00f6rdlichen Kalkaplen. In einer gigantischen Felsfahrt werden \u00fcber 10 eigenst\u00e4ndige Gipfel an einem Tag \u00fcberklettert. Spektakul\u00e4re Tour mit erfahrenem & einheimischem Bergf\u00fchrer","robots":{"index":"index","follow":"follow","max-snippet":"max-snippet:-1","max-image-preview":"max-image-preview:large","max-video-preview":"max-video-preview:-1"},"canonical":"https:\/\/lechtal-alpin.at\/index.php\/heiterwand-ueberschreitung\/","og_locale":"de_DE","og_type":"article","og_title":"Heiterwand \u00dcberschreitung - Lechtal Alpin","og_description":"Die Heiterwand, einer der l\u00e4ngsten zusammenh\u00e4ngenden Grate der gesamten n\u00f6rdlichen Kalkaplen. In einer gigantischen Felsfahrt werden \u00fcber 10 eigenst\u00e4ndige Gipfel an einem Tag \u00fcberklettert. Spektakul\u00e4re Tour mit erfahrenem & einheimischem Bergf\u00fchrer","og_url":"https:\/\/lechtal-alpin.at\/index.php\/heiterwand-ueberschreitung\/","og_site_name":"Lechtal Alpin","article_modified_time":"2026-04-10T09:20:03+00:00","og_image":[{"width":1800,"height":1000,"url":"https:\/\/lechtal-alpin.at\/wp-content\/uploads\/2026\/02\/Lechtal_Alpin-Home_Bergerlebnisse.jpg","type":"image\/jpeg"}],"twitter_card":"summary_large_image","twitter_misc":{"Gesch\u00e4tzte Lesezeit":"2 Minuten"},"schema":{"@context":"https:\/\/schema.org","@graph":[{"@type":"WebPage","@id":"https:\/\/lechtal-alpin.at\/index.php\/heiterwand-ueberschreitung\/","url":"https:\/\/lechtal-alpin.at\/index.php\/heiterwand-ueberschreitung\/","name":"Heiterwand \u00dcberschreitung - Lechtal Alpin","isPartOf":{"@id":"https:\/\/lechtal-alpin.at\/#website"},"primaryImageOfPage":{"@id":"https:\/\/lechtal-alpin.at\/index.php\/heiterwand-ueberschreitung\/#primaryimage"},"image":{"@id":"https:\/\/lechtal-alpin.at\/index.php\/heiterwand-ueberschreitung\/#primaryimage"},"thumbnailUrl":"https:\/\/lechtal-alpin.at\/wp-content\/uploads\/2026\/02\/Lechtal_Alpin-Home_Bergerlebnisse.jpg","datePublished":"2026-01-08T14:25:01+00:00","dateModified":"2026-04-10T09:20:03+00:00","description":"Die Heiterwand, einer der l\u00e4ngsten zusammenh\u00e4ngenden Grate der gesamten n\u00f6rdlichen Kalkaplen. In einer gigantischen Felsfahrt werden \u00fcber 10 eigenst\u00e4ndige Gipfel an einem Tag \u00fcberklettert. Spektakul\u00e4re Tour mit erfahrenem & einheimischem Bergf\u00fchrer","breadcrumb":{"@id":"https:\/\/lechtal-alpin.at\/index.php\/heiterwand-ueberschreitung\/#breadcrumb"},"inLanguage":"de-AT","potentialAction":[{"@type":"ReadAction","target":["https:\/\/lechtal-alpin.at\/index.php\/heiterwand-ueberschreitung\/"]}]},{"@type":"ImageObject","inLanguage":"de-AT","@id":"https:\/\/lechtal-alpin.at\/index.php\/heiterwand-ueberschreitung\/#primaryimage","url":"https:\/\/lechtal-alpin.at\/wp-content\/uploads\/2026\/02\/Lechtal_Alpin-Home_Bergerlebnisse.jpg","contentUrl":"https:\/\/lechtal-alpin.at\/wp-content\/uploads\/2026\/02\/Lechtal_Alpin-Home_Bergerlebnisse.jpg","width":1800,"height":1000},{"@type":"BreadcrumbList","@id":"https:\/\/lechtal-alpin.at\/index.php\/heiterwand-ueberschreitung\/#breadcrumb","itemListElement":[{"@type":"ListItem","position":1,"name":"Startseite","item":"https:\/\/lechtal-alpin.at\/"},{"@type":"ListItem","position":2,"name":"Heiterwand \u00dcberschreitung"}]},{"@type":"WebSite","@id":"https:\/\/lechtal-alpin.at\/#website","url":"https:\/\/lechtal-alpin.at\/","name":"Lechtal Alpin","description":"","publisher":{"@id":"https:\/\/lechtal-alpin.at\/#\/schema\/person\/c379d06227bea9bcc3119575c50a158d"},"potentialAction":[{"@type":"SearchAction","target":{"@type":"EntryPoint","urlTemplate":"https:\/\/lechtal-alpin.at\/?s={search_term_string}"},"query-input":{"@type":"PropertyValueSpecification","valueRequired":true,"valueName":"search_term_string"}}],"inLanguage":"de-AT"},{"@type":["Person","Organization"],"@id":"https:\/\/lechtal-alpin.at\/#\/schema\/person\/c379d06227bea9bcc3119575c50a158d","name":"Marvin K\u00e4rle","image":{"@type":"ImageObject","inLanguage":"de-AT","@id":"https:\/\/lechtal-alpin.at\/wp-content\/uploads\/2026\/04\/Logo_Lechtal-Alpin_nur-Schrift-LA-scaled.png","url":"https:\/\/lechtal-alpin.at\/wp-content\/uploads\/2026\/04\/Logo_Lechtal-Alpin_nur-Schrift-LA-scaled.png","contentUrl":"https:\/\/lechtal-alpin.at\/wp-content\/uploads\/2026\/04\/Logo_Lechtal-Alpin_nur-Schrift-LA-scaled.png","width":2560,"height":1707,"caption":"Marvin K\u00e4rle"},"logo":{"@id":"https:\/\/lechtal-alpin.at\/wp-content\/uploads\/2026\/04\/Logo_Lechtal-Alpin_nur-Schrift-LA-scaled.png"}}]}},"_links":{"self":[{"href":"https:\/\/lechtal-alpin.at\/index.php\/wp-json\/wp\/v2\/pages\/535","targetHints":{"allow":["GET"]}}],"collection":[{"href":"https:\/\/lechtal-alpin.at\/index.php\/wp-json\/wp\/v2\/pages"}],"about":[{"href":"https:\/\/lechtal-alpin.at\/index.php\/wp-json\/wp\/v2\/types\/page"}],"author":[{"embeddable":true,"href":"https:\/\/lechtal-alpin.at\/index.php\/wp-json\/wp\/v2\/users\/4"}],"replies":[{"embeddable":true,"href":"https:\/\/lechtal-alpin.at\/index.php\/wp-json\/wp\/v2\/comments?post=535"}],"version-history":[{"count":12,"href":"https:\/\/lechtal-alpin.at\/index.php\/wp-json\/wp\/v2\/pages\/535\/revisions"}],"predecessor-version":[{"id":1375,"href":"https:\/\/lechtal-alpin.at\/index.php\/wp-json\/wp\/v2\/pages\/535\/revisions\/1375"}],"wp:featuredmedia":[{"embeddable":true,"href":"https:\/\/lechtal-alpin.at\/index.php\/wp-json\/wp\/v2\/media\/1384"}],"wp:attachment":[{"href":"https:\/\/lechtal-alpin.at\/index.php\/wp-json\/wp\/v2\/media?parent=535"}],"curies":[{"name":"wp","href":"https:\/\/api.w.org\/{rel}","templated":true}]}}