{"id":530,"date":"2026-01-08T14:13:40","date_gmt":"2026-01-08T14:13:40","guid":{"rendered":"https:\/\/dev-lechtal-alpin.at\/?page_id=530"},"modified":"2026-04-10T12:01:18","modified_gmt":"2026-04-10T12:01:18","slug":"wolfebner-ueberschreitung","status":"publish","type":"page","link":"https:\/\/lechtal-alpin.at\/index.php\/wolfebner-ueberschreitung\/","title":{"rendered":"Wolfebner \u00dcberschreitung"},"content":{"rendered":"<div class=\"wpb-content-wrapper\"><p>[vc_row][vc_column][vc_empty_space height=&#8220;60&#8243;][vc_row_inner equal_height=&#8220;yes&#8220; gap=&#8220;5&#8243;][vc_column_inner width=&#8220;1\/2&#8243;][\/vc_column_inner][vc_column_inner width=&#8220;1\/2&#8243; css=&#8220;.vc_custom_1769756093731{background-color: #E3E3E3 !important;background-position: center !important;background-repeat: no-repeat !important;background-size: cover !important;}&#8220;][vc_column_text css=&#8220;.vc_custom_1770371199064{margin-right: 15px !important;margin-left: 20px !important;}&#8220;]<\/p>\n<h3><strong><span style=\"color: #ae6523;\">WOLFEBNER<br \/>\n<\/span><\/strong><span style=\"color: #ae6523;\">\u00dcberschreitung<\/span><\/h3>\n<p><strong>Dauer:<\/strong> 1 Tag<br \/>\n<strong>Teilnehmer:<\/strong> 1\u20132 Personen<\/p>\n<p><strong>Ausgangsort:<\/strong> Elbigenalp<br \/>\n<strong>Schwierigkeit:<\/strong> IV (zwei Stellen), Rest II-III<br \/>\n<strong>Voraussetzung:<\/strong> Sicheres Klettern im Nachstieg, Trittsicherheit, Schwindelfreiheit, gute Kondition<\/p>\n<h4><strong><span style=\"color: #ae6523;\">Ab \u20ac 299,00 \/ pro Person<\/span><\/strong><\/h4>\n<p>[\/vc_column_text][\/vc_column_inner][\/vc_row_inner][vc_empty_space height=&#8220;60&#8243;][\/vc_column][\/vc_row][vc_row full_width=&#8220;stretch_row&#8220; css=&#8220;.vc_custom_1763991539983{background-color: #E3E3E3 !important;background-position: center !important;background-repeat: no-repeat !important;background-size: cover !important;}&#8220;][vc_column][vc_empty_space height=&#8220;20&#8243;][vc_row_inner gap=&#8220;15&#8243;][vc_column_inner width=&#8220;1\/2&#8243;][vc_column_text css=&#8220;&#8220;]<strong>Die komplette \u00dcberschreitung der Wolfebnerspitzen ist eine grandiose und abwechslungsreiche Grattour. Eine Kombination aus steilen Kletterstellen, ausgesetztem Gehgel\u00e4nde und sch\u00f6nen Abseilstellen.<\/strong><\/p>\n<p>Wir treffen uns in der fr\u00fch auf der Hermann von Barth H\u00fctte, zu der ihr am Vortag bereits selbstst\u00e4ndig aufgestiegen seid. Anschlie\u00dfend steigen wir zum Einstieg auf die Wolfebnerschulter. Zuerst klettern wir \u00fcber den Ostgrat auf den Hauptgipfel, anschlie\u00dfend klettern wir in stetigen auf und ab, immer am Grat bis zum Nordgipfel. Von hier geht es weiter, ebenfalls immer am Grat, bis zur Wolfebnerscharte. Von dort in ca. 45min zur\u00fcck zur H\u00fctte. F\u00fcr Konditionsstarke ist die Tour auch an einem Tag vom Tal aus m\u00f6glich.[\/vc_column_text][\/vc_column_inner][vc_column_inner width=&#8220;1\/2&#8243;][vc_column_text css=&#8220;&#8220;]<strong>Leistung:<\/strong><br \/>\n\u2022 Planung und Organisation<br \/>\n\u2022 F\u00fchrung durch staatlich gepr\u00fcften Berg- und Skif\u00fchrer<br \/>\n\u2022 Bei Bedarf Reservierung der H\u00fctte<br \/>\n\u2022 Leihausr\u00fcstung<\/p>\n<p><strong>Zusatzkosten: <\/strong><br \/>\n\u2022 Kosten f\u00fcr An- und Abreise<br \/>\n\u2022 Bei Bedarf \u00dcbernachtung + HP auf der H\u00fctte<\/p>\n<p><strong>Preisinfo:<br \/>\n<\/strong>\u20ac 500,00 pro Person bei 1 TN<br \/>\n\u20ac 299,00 pro Person bei 2 TN<\/p>\n<p><strong>Unterkunft Empfehlung:<br \/>\n<\/strong>\u2022 <a href=\"https:\/\/hermann-von-barth.at\">Hermann von Barth H\u00fctte<\/a><br \/>\n\u2022<a href=\"https:\/\/apartment-lechtal-alpin.at\"> Apartment Lechtal Alpin<\/a>[\/vc_column_text][vc_btn title=&#8220;JETZT ANFRAGEN&#8220; style=&#8220;outline-custom&#8220; outline_custom_color=&#8220;#AE6523&#8243; outline_custom_hover_background=&#8220;#AE6523&#8243; shape=&#8220;square&#8220; align=&#8220;left&#8220; css=&#8220;&#8220; link=&#8220;url:mailto%3Amarvin%40lechtal-alpin.at%3Fsubject%3DAnfrage%20Bergsteigen-Wolfebner-%C3%9Cberschreitung&#8220;][\/vc_column_inner][\/vc_row_inner][vc_empty_space height=&#8220;20&#8243;][\/vc_column][\/vc_row]<\/p>\n<\/div>","protected":false},"excerpt":{"rendered":"<p>[vc_row][vc_column][vc_empty_space height=&#8220;60&#8243;][vc_row_inner equal_height=&#8220;yes&#8220; gap=&#8220;5&#8243;][vc_column_inner width=&#8220;1\/2&#8243;][\/vc_column_inner][vc_column_inner width=&#8220;1\/2&#8243; css=&#8220;.vc_custom_1769756093731{background-color: #E3E3E3 !important;background-position: center !important;background-repeat: no-repeat !important;background-size: cover !important;}&#8220;][vc_column_text css=&#8220;.vc_custom_1770371199064{margin-right: 15px !important;margin-left: 20px !important;}&#8220;] WOLFEBNER \u00dcberschreitung Dauer: 1 Tag Teilnehmer: 1\u20132 Personen Ausgangsort: Elbigenalp Schwierigkeit: IV (zwei Stellen), Rest II-III Voraussetzung: Sicheres Klettern im Nachstieg, Trittsicherheit, Schwindelfreiheit, gute Kondition Ab \u20ac 299,00 \/ pro [&hellip;]<\/p>\n","protected":false},"author":4,"featured_media":1408,"parent":0,"menu_order":0,"comment_status":"closed","ping_status":"closed","template":"","meta":{"inspiro_page_layout":"narrow","inspiro_hide_title":false,"footnotes":""},"class_list":["post-530","page","type-page","status-publish","has-post-thumbnail","hentry"],"yoast_head":"<!-- This site is optimized with the Yoast SEO plugin v27.3 - https:\/\/yoast.com\/product\/yoast-seo-wordpress\/ -->\n<title>Wolfebner \u00dcberschreitung - Lechtal Alpin<\/title>\n<meta name=\"description\" content=\"Die komplette \u00dcberschreitung der Wolfebnerspitze ist eine grandiose und abwechslungsreiche Grattour im Lechtal\" \/>\n<meta name=\"robots\" content=\"index, follow, max-snippet:-1, max-image-preview:large, max-video-preview:-1\" \/>\n<link rel=\"canonical\" href=\"https:\/\/lechtal-alpin.at\/index.php\/wolfebner-ueberschreitung\/\" \/>\n<meta property=\"og:locale\" content=\"de_DE\" \/>\n<meta property=\"og:type\" content=\"article\" \/>\n<meta property=\"og:title\" content=\"Wolfebner \u00dcberschreitung - Lechtal Alpin\" \/>\n<meta property=\"og:description\" content=\"Die komplette \u00dcberschreitung der Wolfebnerspitze ist eine grandiose und abwechslungsreiche Grattour im Lechtal\" \/>\n<meta property=\"og:url\" content=\"https:\/\/lechtal-alpin.at\/index.php\/wolfebner-ueberschreitung\/\" \/>\n<meta property=\"og:site_name\" content=\"Lechtal Alpin\" \/>\n<meta property=\"article:modified_time\" content=\"2026-04-10T12:01:18+00:00\" \/>\n<meta property=\"og:image\" content=\"https:\/\/lechtal-alpin.at\/wp-content\/uploads\/2026\/02\/Lechtal_Alpin_BEITRAG_Wolfebner_UE_Bergsteigen.jpg\" \/>\n\t<meta property=\"og:image:width\" content=\"1800\" \/>\n\t<meta property=\"og:image:height\" content=\"1000\" \/>\n\t<meta property=\"og:image:type\" content=\"image\/jpeg\" \/>\n<meta name=\"twitter:card\" content=\"summary_large_image\" \/>\n<meta name=\"twitter:label1\" content=\"Gesch\u00e4tzte Lesezeit\" \/>\n\t<meta name=\"twitter:data1\" content=\"2 Minuten\" \/>\n<script type=\"application\/ld+json\" class=\"yoast-schema-graph\">{\"@context\":\"https:\\\/\\\/schema.org\",\"@graph\":[{\"@type\":\"WebPage\",\"@id\":\"https:\\\/\\\/lechtal-alpin.at\\\/index.php\\\/wolfebner-ueberschreitung\\\/\",\"url\":\"https:\\\/\\\/lechtal-alpin.at\\\/index.php\\\/wolfebner-ueberschreitung\\\/\",\"name\":\"Wolfebner \u00dcberschreitung - Lechtal Alpin\",\"isPartOf\":{\"@id\":\"https:\\\/\\\/lechtal-alpin.at\\\/#website\"},\"primaryImageOfPage\":{\"@id\":\"https:\\\/\\\/lechtal-alpin.at\\\/index.php\\\/wolfebner-ueberschreitung\\\/#primaryimage\"},\"image\":{\"@id\":\"https:\\\/\\\/lechtal-alpin.at\\\/index.php\\\/wolfebner-ueberschreitung\\\/#primaryimage\"},\"thumbnailUrl\":\"https:\\\/\\\/lechtal-alpin.at\\\/wp-content\\\/uploads\\\/2026\\\/02\\\/Lechtal_Alpin_BEITRAG_Wolfebner_UE_Bergsteigen.jpg\",\"datePublished\":\"2026-01-08T14:13:40+00:00\",\"dateModified\":\"2026-04-10T12:01:18+00:00\",\"description\":\"Die komplette \u00dcberschreitung der Wolfebnerspitze ist eine grandiose und abwechslungsreiche Grattour im Lechtal\",\"breadcrumb\":{\"@id\":\"https:\\\/\\\/lechtal-alpin.at\\\/index.php\\\/wolfebner-ueberschreitung\\\/#breadcrumb\"},\"inLanguage\":\"de-AT\",\"potentialAction\":[{\"@type\":\"ReadAction\",\"target\":[\"https:\\\/\\\/lechtal-alpin.at\\\/index.php\\\/wolfebner-ueberschreitung\\\/\"]}]},{\"@type\":\"ImageObject\",\"inLanguage\":\"de-AT\",\"@id\":\"https:\\\/\\\/lechtal-alpin.at\\\/index.php\\\/wolfebner-ueberschreitung\\\/#primaryimage\",\"url\":\"https:\\\/\\\/lechtal-alpin.at\\\/wp-content\\\/uploads\\\/2026\\\/02\\\/Lechtal_Alpin_BEITRAG_Wolfebner_UE_Bergsteigen.jpg\",\"contentUrl\":\"https:\\\/\\\/lechtal-alpin.at\\\/wp-content\\\/uploads\\\/2026\\\/02\\\/Lechtal_Alpin_BEITRAG_Wolfebner_UE_Bergsteigen.jpg\",\"width\":1800,\"height\":1000},{\"@type\":\"BreadcrumbList\",\"@id\":\"https:\\\/\\\/lechtal-alpin.at\\\/index.php\\\/wolfebner-ueberschreitung\\\/#breadcrumb\",\"itemListElement\":[{\"@type\":\"ListItem\",\"position\":1,\"name\":\"Startseite\",\"item\":\"https:\\\/\\\/lechtal-alpin.at\\\/\"},{\"@type\":\"ListItem\",\"position\":2,\"name\":\"Wolfebner \u00dcberschreitung\"}]},{\"@type\":\"WebSite\",\"@id\":\"https:\\\/\\\/lechtal-alpin.at\\\/#website\",\"url\":\"https:\\\/\\\/lechtal-alpin.at\\\/\",\"name\":\"Lechtal Alpin\",\"description\":\"\",\"publisher\":{\"@id\":\"https:\\\/\\\/lechtal-alpin.at\\\/#\\\/schema\\\/person\\\/c379d06227bea9bcc3119575c50a158d\"},\"potentialAction\":[{\"@type\":\"SearchAction\",\"target\":{\"@type\":\"EntryPoint\",\"urlTemplate\":\"https:\\\/\\\/lechtal-alpin.at\\\/?s={search_term_string}\"},\"query-input\":{\"@type\":\"PropertyValueSpecification\",\"valueRequired\":true,\"valueName\":\"search_term_string\"}}],\"inLanguage\":\"de-AT\"},{\"@type\":[\"Person\",\"Organization\"],\"@id\":\"https:\\\/\\\/lechtal-alpin.at\\\/#\\\/schema\\\/person\\\/c379d06227bea9bcc3119575c50a158d\",\"name\":\"Marvin K\u00e4rle\",\"image\":{\"@type\":\"ImageObject\",\"inLanguage\":\"de-AT\",\"@id\":\"https:\\\/\\\/lechtal-alpin.at\\\/wp-content\\\/uploads\\\/2026\\\/04\\\/Logo_Lechtal-Alpin_nur-Schrift-LA-scaled.png\",\"url\":\"https:\\\/\\\/lechtal-alpin.at\\\/wp-content\\\/uploads\\\/2026\\\/04\\\/Logo_Lechtal-Alpin_nur-Schrift-LA-scaled.png\",\"contentUrl\":\"https:\\\/\\\/lechtal-alpin.at\\\/wp-content\\\/uploads\\\/2026\\\/04\\\/Logo_Lechtal-Alpin_nur-Schrift-LA-scaled.png\",\"width\":2560,\"height\":1707,\"caption\":\"Marvin K\u00e4rle\"},\"logo\":{\"@id\":\"https:\\\/\\\/lechtal-alpin.at\\\/wp-content\\\/uploads\\\/2026\\\/04\\\/Logo_Lechtal-Alpin_nur-Schrift-LA-scaled.png\"}}]}<\/script>\n<!-- \/ Yoast SEO plugin. -->","yoast_head_json":{"title":"Wolfebner \u00dcberschreitung - Lechtal Alpin","description":"Die komplette \u00dcberschreitung der Wolfebnerspitze ist eine grandiose und abwechslungsreiche Grattour im Lechtal","robots":{"index":"index","follow":"follow","max-snippet":"max-snippet:-1","max-image-preview":"max-image-preview:large","max-video-preview":"max-video-preview:-1"},"canonical":"https:\/\/lechtal-alpin.at\/index.php\/wolfebner-ueberschreitung\/","og_locale":"de_DE","og_type":"article","og_title":"Wolfebner \u00dcberschreitung - Lechtal Alpin","og_description":"Die komplette \u00dcberschreitung der Wolfebnerspitze ist eine grandiose und abwechslungsreiche Grattour im Lechtal","og_url":"https:\/\/lechtal-alpin.at\/index.php\/wolfebner-ueberschreitung\/","og_site_name":"Lechtal Alpin","article_modified_time":"2026-04-10T12:01:18+00:00","og_image":[{"width":1800,"height":1000,"url":"https:\/\/lechtal-alpin.at\/wp-content\/uploads\/2026\/02\/Lechtal_Alpin_BEITRAG_Wolfebner_UE_Bergsteigen.jpg","type":"image\/jpeg"}],"twitter_card":"summary_large_image","twitter_misc":{"Gesch\u00e4tzte Lesezeit":"2 Minuten"},"schema":{"@context":"https:\/\/schema.org","@graph":[{"@type":"WebPage","@id":"https:\/\/lechtal-alpin.at\/index.php\/wolfebner-ueberschreitung\/","url":"https:\/\/lechtal-alpin.at\/index.php\/wolfebner-ueberschreitung\/","name":"Wolfebner \u00dcberschreitung - Lechtal Alpin","isPartOf":{"@id":"https:\/\/lechtal-alpin.at\/#website"},"primaryImageOfPage":{"@id":"https:\/\/lechtal-alpin.at\/index.php\/wolfebner-ueberschreitung\/#primaryimage"},"image":{"@id":"https:\/\/lechtal-alpin.at\/index.php\/wolfebner-ueberschreitung\/#primaryimage"},"thumbnailUrl":"https:\/\/lechtal-alpin.at\/wp-content\/uploads\/2026\/02\/Lechtal_Alpin_BEITRAG_Wolfebner_UE_Bergsteigen.jpg","datePublished":"2026-01-08T14:13:40+00:00","dateModified":"2026-04-10T12:01:18+00:00","description":"Die komplette \u00dcberschreitung der Wolfebnerspitze ist eine grandiose und abwechslungsreiche Grattour im Lechtal","breadcrumb":{"@id":"https:\/\/lechtal-alpin.at\/index.php\/wolfebner-ueberschreitung\/#breadcrumb"},"inLanguage":"de-AT","potentialAction":[{"@type":"ReadAction","target":["https:\/\/lechtal-alpin.at\/index.php\/wolfebner-ueberschreitung\/"]}]},{"@type":"ImageObject","inLanguage":"de-AT","@id":"https:\/\/lechtal-alpin.at\/index.php\/wolfebner-ueberschreitung\/#primaryimage","url":"https:\/\/lechtal-alpin.at\/wp-content\/uploads\/2026\/02\/Lechtal_Alpin_BEITRAG_Wolfebner_UE_Bergsteigen.jpg","contentUrl":"https:\/\/lechtal-alpin.at\/wp-content\/uploads\/2026\/02\/Lechtal_Alpin_BEITRAG_Wolfebner_UE_Bergsteigen.jpg","width":1800,"height":1000},{"@type":"BreadcrumbList","@id":"https:\/\/lechtal-alpin.at\/index.php\/wolfebner-ueberschreitung\/#breadcrumb","itemListElement":[{"@type":"ListItem","position":1,"name":"Startseite","item":"https:\/\/lechtal-alpin.at\/"},{"@type":"ListItem","position":2,"name":"Wolfebner \u00dcberschreitung"}]},{"@type":"WebSite","@id":"https:\/\/lechtal-alpin.at\/#website","url":"https:\/\/lechtal-alpin.at\/","name":"Lechtal Alpin","description":"","publisher":{"@id":"https:\/\/lechtal-alpin.at\/#\/schema\/person\/c379d06227bea9bcc3119575c50a158d"},"potentialAction":[{"@type":"SearchAction","target":{"@type":"EntryPoint","urlTemplate":"https:\/\/lechtal-alpin.at\/?s={search_term_string}"},"query-input":{"@type":"PropertyValueSpecification","valueRequired":true,"valueName":"search_term_string"}}],"inLanguage":"de-AT"},{"@type":["Person","Organization"],"@id":"https:\/\/lechtal-alpin.at\/#\/schema\/person\/c379d06227bea9bcc3119575c50a158d","name":"Marvin K\u00e4rle","image":{"@type":"ImageObject","inLanguage":"de-AT","@id":"https:\/\/lechtal-alpin.at\/wp-content\/uploads\/2026\/04\/Logo_Lechtal-Alpin_nur-Schrift-LA-scaled.png","url":"https:\/\/lechtal-alpin.at\/wp-content\/uploads\/2026\/04\/Logo_Lechtal-Alpin_nur-Schrift-LA-scaled.png","contentUrl":"https:\/\/lechtal-alpin.at\/wp-content\/uploads\/2026\/04\/Logo_Lechtal-Alpin_nur-Schrift-LA-scaled.png","width":2560,"height":1707,"caption":"Marvin K\u00e4rle"},"logo":{"@id":"https:\/\/lechtal-alpin.at\/wp-content\/uploads\/2026\/04\/Logo_Lechtal-Alpin_nur-Schrift-LA-scaled.png"}}]}},"_links":{"self":[{"href":"https:\/\/lechtal-alpin.at\/index.php\/wp-json\/wp\/v2\/pages\/530","targetHints":{"allow":["GET"]}}],"collection":[{"href":"https:\/\/lechtal-alpin.at\/index.php\/wp-json\/wp\/v2\/pages"}],"about":[{"href":"https:\/\/lechtal-alpin.at\/index.php\/wp-json\/wp\/v2\/types\/page"}],"author":[{"embeddable":true,"href":"https:\/\/lechtal-alpin.at\/index.php\/wp-json\/wp\/v2\/users\/4"}],"replies":[{"embeddable":true,"href":"https:\/\/lechtal-alpin.at\/index.php\/wp-json\/wp\/v2\/comments?post=530"}],"version-history":[{"count":10,"href":"https:\/\/lechtal-alpin.at\/index.php\/wp-json\/wp\/v2\/pages\/530\/revisions"}],"predecessor-version":[{"id":1327,"href":"https:\/\/lechtal-alpin.at\/index.php\/wp-json\/wp\/v2\/pages\/530\/revisions\/1327"}],"wp:featuredmedia":[{"embeddable":true,"href":"https:\/\/lechtal-alpin.at\/index.php\/wp-json\/wp\/v2\/media\/1408"}],"wp:attachment":[{"href":"https:\/\/lechtal-alpin.at\/index.php\/wp-json\/wp\/v2\/media?parent=530"}],"curies":[{"name":"wp","href":"https:\/\/api.w.org\/{rel}","templated":true}]}}