{"id":484,"date":"2026-01-08T12:48:47","date_gmt":"2026-01-08T12:48:47","guid":{"rendered":"https:\/\/dev-lechtal-alpin.at\/?page_id=484"},"modified":"2026-04-10T09:44:02","modified_gmt":"2026-04-10T09:44:02","slug":"lechtaler-perlen","status":"publish","type":"page","link":"https:\/\/lechtal-alpin.at\/index.php\/lechtaler-perlen\/","title":{"rendered":"Lechtaler Perlen"},"content":{"rendered":"<div class=\"wpb-content-wrapper\"><p>[vc_row][vc_column][vc_empty_space height=&#8220;60&#8243;][vc_row_inner equal_height=&#8220;yes&#8220; gap=&#8220;5&#8243;][vc_column_inner width=&#8220;1\/2&#8243;][\/vc_column_inner][vc_column_inner width=&#8220;1\/2&#8243; css=&#8220;.vc_custom_1769756093731{background-color: #E3E3E3 !important;background-position: center !important;background-repeat: no-repeat !important;background-size: cover !important;}&#8220;][vc_column_text css=&#8220;.vc_custom_1770372857301{margin-right: 15px !important;margin-left: 20px !important;}&#8220;]<\/p>\n<h3><strong><span style=\"color: #ae6523;\">LECHTALER PERLEN<br \/>\n<\/span><\/strong><span style=\"color: #ae6523;\">Alpinklettern<\/span><\/h3>\n<p><strong>Dauer:<\/strong> 1 Tag | <strong>Teilnehmer:<\/strong> 1\u20132 Personen<\/p>\n<p><strong>Ausgangsort: <\/strong>Bach<br \/>\n<strong>Zustiege:<\/strong> 1,5h bis 3h (je nach Tour)<br \/>\n<strong>Voraussetzung:<\/strong> Sicheres Klettern im Nachstieg, Trittsicherheit, Schwindelfreiheit, sehr gute Kondition und Ausdauer f\u00fcr lange Touren<\/p>\n<h4><strong><span style=\"color: #ae6523;\">Ab \u20ac 390,00 \/ pro Person<\/span><\/strong><\/h4>\n<p>[\/vc_column_text][\/vc_column_inner][\/vc_row_inner][vc_empty_space height=&#8220;60&#8243;][\/vc_column][\/vc_row][vc_row full_width=&#8220;stretch_row&#8220; css=&#8220;.vc_custom_1763991539983{background-color: #E3E3E3 !important;background-position: center !important;background-repeat: no-repeat !important;background-size: cover !important;}&#8220;][vc_column][vc_empty_space height=&#8220;20&#8243;][vc_row_inner gap=&#8220;15&#8243;][vc_column_inner width=&#8220;1\/2&#8243;][vc_column_text css=&#8220;&#8220;]<strong>Ruhig, wild und urspr\u00fcnglich &#8211; genau dies trifft bei einigen erstklassigen Felsw\u00e4nden in den Lechtaler Alpen zu. Gro\u00dfe, wasserzerfressene R\u00e4tkalk W\u00e4nde in grandioser Umgebung &#8211; echtes Alpin Klettern.<\/strong><\/p>\n<p>Bereits sehr fr\u00fch am Morgen treffen wir uns an einem der Ausgangspunkte im Lechtal. Von dort fahren wir gemeinsam zum Parkplatz &#8211; eventuell m\u00fcssen wir uns den Zustieg mit einem E-Bike verk\u00fcrzen. Anschlie\u00dfend geht es zu Fu\u00df zum Einstieg der jeweiligen Tour, die wir dann in mehrere Stunden Kletterzeit bew\u00e4ltigen. Oben angekommen genie\u00dfen wir den Ausblick. Anschlie\u00dfend geht es gleich mit dem Abstieg los, der manchmal auch etwas l\u00e4nger dauern kann.[\/vc_column_text][\/vc_column_inner][vc_column_inner width=&#8220;1\/2&#8243;][vc_column_text css=&#8220;&#8220;]<strong>Leistung:<\/strong><br \/>\n\u2022 Planung und Organisation<br \/>\n\u2022 F\u00fchrung durch staatlich gepr\u00fcften Berg- und Skif\u00fchrer<br \/>\n\u2022 Reservierung der Unterkunft (falls erforderlich)<\/p>\n<p><strong>Zusatzkosten: <\/strong><br \/>\n\u2022 Kosten f\u00fcr An- und Abreise<br \/>\n\u2022 Eventuell Leihkosten f\u00fcr ein E-Bike (zustieg)<\/p>\n<p><strong>Preis:<br \/>\n<\/strong>\u20ac 580,00 pro Person bei einer Person<br \/>\n\u20ac 390,00 pro Person bei 2 Personen<\/p>\n<p><strong>Unterkunft Empfehlung: <\/strong><br \/>\n\u2022 <a href=\"https:\/\/alpenblickbach.com\">Hotel Alpenblick<\/a><br \/>\n\u2022<a href=\"https:\/\/apartment-lechtal-alpin.at\"> Apartment Lechtal Alpin<\/a><\/p>\n<p><strong>Touren Vorschl\u00e4ge:<\/strong><br \/>\n\u2022 Freispitze S\u00fcdwand: Schreck Heel, S\u00fcdostkante, Linke S\u00fcdwand<br \/>\n\u2022 Fallenbacher Spitze: Jung &amp; alt, Orgie im Fels, direkte Nordwand<br \/>\n\u2022 Lechtaler Wetterspitze: Ostgrat<br \/>\n\u2022 Roggspitze: S\u00fcdpfeiler, S\u00fcdostwand[\/vc_column_text][vc_btn title=&#8220;JETZT ANFRAGEN&#8220; style=&#8220;outline-custom&#8220; outline_custom_color=&#8220;#AE6523&#8243; outline_custom_hover_background=&#8220;#AE6523&#8243; shape=&#8220;square&#8220; align=&#8220;left&#8220; css=&#8220;&#8220; link=&#8220;url:mailto%3Amarvin%40lechtal-alpin.at%3Fsubject%3DAnfrage%20Klettern-Lechtaler-Perlen&#8220;][\/vc_column_inner][\/vc_row_inner][vc_empty_space height=&#8220;20&#8243;][\/vc_column][\/vc_row]<\/p>\n<\/div>","protected":false},"excerpt":{"rendered":"<p>[vc_row][vc_column][vc_empty_space height=&#8220;60&#8243;][vc_row_inner equal_height=&#8220;yes&#8220; gap=&#8220;5&#8243;][vc_column_inner width=&#8220;1\/2&#8243;][\/vc_column_inner][vc_column_inner width=&#8220;1\/2&#8243; css=&#8220;.vc_custom_1769756093731{background-color: #E3E3E3 !important;background-position: center !important;background-repeat: no-repeat !important;background-size: cover !important;}&#8220;][vc_column_text css=&#8220;.vc_custom_1770372857301{margin-right: 15px !important;margin-left: 20px !important;}&#8220;] LECHTALER PERLEN Alpinklettern Dauer: 1 Tag | Teilnehmer: 1\u20132 Personen Ausgangsort: Bach Zustiege: 1,5h bis 3h (je nach Tour) Voraussetzung: Sicheres Klettern im Nachstieg, Trittsicherheit, Schwindelfreiheit, sehr gute Kondition und [&hellip;]<\/p>\n","protected":false},"author":4,"featured_media":1393,"parent":0,"menu_order":0,"comment_status":"closed","ping_status":"closed","template":"","meta":{"inspiro_page_layout":"narrow","inspiro_hide_title":false,"footnotes":""},"class_list":["post-484","page","type-page","status-publish","has-post-thumbnail","hentry"],"yoast_head":"<!-- This site is optimized with the Yoast SEO plugin v27.3 - https:\/\/yoast.com\/product\/yoast-seo-wordpress\/ -->\n<title>Alpin Klettern Lechtaler Perlen - Lechtal Alpin<\/title>\n<meta name=\"description\" content=\"Ruhig, wild und urspr\u00fcnglich, echtes Alpines Klettern in grandioser Umgebung mit erfahrenem &amp; einheimischem Bergf\u00fchrer\" \/>\n<meta name=\"robots\" content=\"index, follow, max-snippet:-1, max-image-preview:large, max-video-preview:-1\" \/>\n<link rel=\"canonical\" href=\"https:\/\/lechtal-alpin.at\/index.php\/lechtaler-perlen\/\" \/>\n<meta property=\"og:locale\" content=\"de_DE\" \/>\n<meta property=\"og:type\" content=\"article\" \/>\n<meta property=\"og:title\" content=\"Alpin Klettern Lechtaler Perlen - Lechtal Alpin\" \/>\n<meta property=\"og:description\" content=\"Ruhig, wild und urspr\u00fcnglich, echtes Alpines Klettern in grandioser Umgebung mit erfahrenem &amp; einheimischem Bergf\u00fchrer\" \/>\n<meta property=\"og:url\" content=\"https:\/\/lechtal-alpin.at\/index.php\/lechtaler-perlen\/\" \/>\n<meta property=\"og:site_name\" content=\"Lechtal Alpin\" \/>\n<meta property=\"article:modified_time\" content=\"2026-04-10T09:44:02+00:00\" \/>\n<meta property=\"og:image\" content=\"https:\/\/lechtal-alpin.at\/wp-content\/uploads\/2026\/02\/Lechtal_Alpin_BEITRAG_Lechtaler_Perlen_Klettern.jpg\" \/>\n\t<meta property=\"og:image:width\" content=\"1800\" \/>\n\t<meta property=\"og:image:height\" content=\"1000\" \/>\n\t<meta property=\"og:image:type\" content=\"image\/jpeg\" \/>\n<meta name=\"twitter:card\" content=\"summary_large_image\" \/>\n<meta name=\"twitter:label1\" content=\"Gesch\u00e4tzte Lesezeit\" \/>\n\t<meta name=\"twitter:data1\" content=\"2 Minuten\" \/>\n<script type=\"application\/ld+json\" class=\"yoast-schema-graph\">{\"@context\":\"https:\\\/\\\/schema.org\",\"@graph\":[{\"@type\":\"WebPage\",\"@id\":\"https:\\\/\\\/lechtal-alpin.at\\\/index.php\\\/lechtaler-perlen\\\/\",\"url\":\"https:\\\/\\\/lechtal-alpin.at\\\/index.php\\\/lechtaler-perlen\\\/\",\"name\":\"Alpin Klettern Lechtaler Perlen - Lechtal Alpin\",\"isPartOf\":{\"@id\":\"https:\\\/\\\/lechtal-alpin.at\\\/#website\"},\"primaryImageOfPage\":{\"@id\":\"https:\\\/\\\/lechtal-alpin.at\\\/index.php\\\/lechtaler-perlen\\\/#primaryimage\"},\"image\":{\"@id\":\"https:\\\/\\\/lechtal-alpin.at\\\/index.php\\\/lechtaler-perlen\\\/#primaryimage\"},\"thumbnailUrl\":\"https:\\\/\\\/lechtal-alpin.at\\\/wp-content\\\/uploads\\\/2026\\\/02\\\/Lechtal_Alpin_BEITRAG_Lechtaler_Perlen_Klettern.jpg\",\"datePublished\":\"2026-01-08T12:48:47+00:00\",\"dateModified\":\"2026-04-10T09:44:02+00:00\",\"description\":\"Ruhig, wild und urspr\u00fcnglich, echtes Alpines Klettern in grandioser Umgebung mit erfahrenem & einheimischem Bergf\u00fchrer\",\"breadcrumb\":{\"@id\":\"https:\\\/\\\/lechtal-alpin.at\\\/index.php\\\/lechtaler-perlen\\\/#breadcrumb\"},\"inLanguage\":\"de-AT\",\"potentialAction\":[{\"@type\":\"ReadAction\",\"target\":[\"https:\\\/\\\/lechtal-alpin.at\\\/index.php\\\/lechtaler-perlen\\\/\"]}]},{\"@type\":\"ImageObject\",\"inLanguage\":\"de-AT\",\"@id\":\"https:\\\/\\\/lechtal-alpin.at\\\/index.php\\\/lechtaler-perlen\\\/#primaryimage\",\"url\":\"https:\\\/\\\/lechtal-alpin.at\\\/wp-content\\\/uploads\\\/2026\\\/02\\\/Lechtal_Alpin_BEITRAG_Lechtaler_Perlen_Klettern.jpg\",\"contentUrl\":\"https:\\\/\\\/lechtal-alpin.at\\\/wp-content\\\/uploads\\\/2026\\\/02\\\/Lechtal_Alpin_BEITRAG_Lechtaler_Perlen_Klettern.jpg\",\"width\":1800,\"height\":1000},{\"@type\":\"BreadcrumbList\",\"@id\":\"https:\\\/\\\/lechtal-alpin.at\\\/index.php\\\/lechtaler-perlen\\\/#breadcrumb\",\"itemListElement\":[{\"@type\":\"ListItem\",\"position\":1,\"name\":\"Startseite\",\"item\":\"https:\\\/\\\/lechtal-alpin.at\\\/\"},{\"@type\":\"ListItem\",\"position\":2,\"name\":\"Lechtaler Perlen\"}]},{\"@type\":\"WebSite\",\"@id\":\"https:\\\/\\\/lechtal-alpin.at\\\/#website\",\"url\":\"https:\\\/\\\/lechtal-alpin.at\\\/\",\"name\":\"Lechtal Alpin\",\"description\":\"\",\"publisher\":{\"@id\":\"https:\\\/\\\/lechtal-alpin.at\\\/#\\\/schema\\\/person\\\/c379d06227bea9bcc3119575c50a158d\"},\"potentialAction\":[{\"@type\":\"SearchAction\",\"target\":{\"@type\":\"EntryPoint\",\"urlTemplate\":\"https:\\\/\\\/lechtal-alpin.at\\\/?s={search_term_string}\"},\"query-input\":{\"@type\":\"PropertyValueSpecification\",\"valueRequired\":true,\"valueName\":\"search_term_string\"}}],\"inLanguage\":\"de-AT\"},{\"@type\":[\"Person\",\"Organization\"],\"@id\":\"https:\\\/\\\/lechtal-alpin.at\\\/#\\\/schema\\\/person\\\/c379d06227bea9bcc3119575c50a158d\",\"name\":\"Marvin K\u00e4rle\",\"image\":{\"@type\":\"ImageObject\",\"inLanguage\":\"de-AT\",\"@id\":\"https:\\\/\\\/lechtal-alpin.at\\\/wp-content\\\/uploads\\\/2026\\\/04\\\/Logo_Lechtal-Alpin_nur-Schrift-LA-scaled.png\",\"url\":\"https:\\\/\\\/lechtal-alpin.at\\\/wp-content\\\/uploads\\\/2026\\\/04\\\/Logo_Lechtal-Alpin_nur-Schrift-LA-scaled.png\",\"contentUrl\":\"https:\\\/\\\/lechtal-alpin.at\\\/wp-content\\\/uploads\\\/2026\\\/04\\\/Logo_Lechtal-Alpin_nur-Schrift-LA-scaled.png\",\"width\":2560,\"height\":1707,\"caption\":\"Marvin K\u00e4rle\"},\"logo\":{\"@id\":\"https:\\\/\\\/lechtal-alpin.at\\\/wp-content\\\/uploads\\\/2026\\\/04\\\/Logo_Lechtal-Alpin_nur-Schrift-LA-scaled.png\"}}]}<\/script>\n<!-- \/ Yoast SEO plugin. -->","yoast_head_json":{"title":"Alpin Klettern Lechtaler Perlen - Lechtal Alpin","description":"Ruhig, wild und urspr\u00fcnglich, echtes Alpines Klettern in grandioser Umgebung mit erfahrenem & einheimischem Bergf\u00fchrer","robots":{"index":"index","follow":"follow","max-snippet":"max-snippet:-1","max-image-preview":"max-image-preview:large","max-video-preview":"max-video-preview:-1"},"canonical":"https:\/\/lechtal-alpin.at\/index.php\/lechtaler-perlen\/","og_locale":"de_DE","og_type":"article","og_title":"Alpin Klettern Lechtaler Perlen - Lechtal Alpin","og_description":"Ruhig, wild und urspr\u00fcnglich, echtes Alpines Klettern in grandioser Umgebung mit erfahrenem & einheimischem Bergf\u00fchrer","og_url":"https:\/\/lechtal-alpin.at\/index.php\/lechtaler-perlen\/","og_site_name":"Lechtal Alpin","article_modified_time":"2026-04-10T09:44:02+00:00","og_image":[{"width":1800,"height":1000,"url":"https:\/\/lechtal-alpin.at\/wp-content\/uploads\/2026\/02\/Lechtal_Alpin_BEITRAG_Lechtaler_Perlen_Klettern.jpg","type":"image\/jpeg"}],"twitter_card":"summary_large_image","twitter_misc":{"Gesch\u00e4tzte Lesezeit":"2 Minuten"},"schema":{"@context":"https:\/\/schema.org","@graph":[{"@type":"WebPage","@id":"https:\/\/lechtal-alpin.at\/index.php\/lechtaler-perlen\/","url":"https:\/\/lechtal-alpin.at\/index.php\/lechtaler-perlen\/","name":"Alpin Klettern Lechtaler Perlen - Lechtal Alpin","isPartOf":{"@id":"https:\/\/lechtal-alpin.at\/#website"},"primaryImageOfPage":{"@id":"https:\/\/lechtal-alpin.at\/index.php\/lechtaler-perlen\/#primaryimage"},"image":{"@id":"https:\/\/lechtal-alpin.at\/index.php\/lechtaler-perlen\/#primaryimage"},"thumbnailUrl":"https:\/\/lechtal-alpin.at\/wp-content\/uploads\/2026\/02\/Lechtal_Alpin_BEITRAG_Lechtaler_Perlen_Klettern.jpg","datePublished":"2026-01-08T12:48:47+00:00","dateModified":"2026-04-10T09:44:02+00:00","description":"Ruhig, wild und urspr\u00fcnglich, echtes Alpines Klettern in grandioser Umgebung mit erfahrenem & einheimischem Bergf\u00fchrer","breadcrumb":{"@id":"https:\/\/lechtal-alpin.at\/index.php\/lechtaler-perlen\/#breadcrumb"},"inLanguage":"de-AT","potentialAction":[{"@type":"ReadAction","target":["https:\/\/lechtal-alpin.at\/index.php\/lechtaler-perlen\/"]}]},{"@type":"ImageObject","inLanguage":"de-AT","@id":"https:\/\/lechtal-alpin.at\/index.php\/lechtaler-perlen\/#primaryimage","url":"https:\/\/lechtal-alpin.at\/wp-content\/uploads\/2026\/02\/Lechtal_Alpin_BEITRAG_Lechtaler_Perlen_Klettern.jpg","contentUrl":"https:\/\/lechtal-alpin.at\/wp-content\/uploads\/2026\/02\/Lechtal_Alpin_BEITRAG_Lechtaler_Perlen_Klettern.jpg","width":1800,"height":1000},{"@type":"BreadcrumbList","@id":"https:\/\/lechtal-alpin.at\/index.php\/lechtaler-perlen\/#breadcrumb","itemListElement":[{"@type":"ListItem","position":1,"name":"Startseite","item":"https:\/\/lechtal-alpin.at\/"},{"@type":"ListItem","position":2,"name":"Lechtaler Perlen"}]},{"@type":"WebSite","@id":"https:\/\/lechtal-alpin.at\/#website","url":"https:\/\/lechtal-alpin.at\/","name":"Lechtal Alpin","description":"","publisher":{"@id":"https:\/\/lechtal-alpin.at\/#\/schema\/person\/c379d06227bea9bcc3119575c50a158d"},"potentialAction":[{"@type":"SearchAction","target":{"@type":"EntryPoint","urlTemplate":"https:\/\/lechtal-alpin.at\/?s={search_term_string}"},"query-input":{"@type":"PropertyValueSpecification","valueRequired":true,"valueName":"search_term_string"}}],"inLanguage":"de-AT"},{"@type":["Person","Organization"],"@id":"https:\/\/lechtal-alpin.at\/#\/schema\/person\/c379d06227bea9bcc3119575c50a158d","name":"Marvin K\u00e4rle","image":{"@type":"ImageObject","inLanguage":"de-AT","@id":"https:\/\/lechtal-alpin.at\/wp-content\/uploads\/2026\/04\/Logo_Lechtal-Alpin_nur-Schrift-LA-scaled.png","url":"https:\/\/lechtal-alpin.at\/wp-content\/uploads\/2026\/04\/Logo_Lechtal-Alpin_nur-Schrift-LA-scaled.png","contentUrl":"https:\/\/lechtal-alpin.at\/wp-content\/uploads\/2026\/04\/Logo_Lechtal-Alpin_nur-Schrift-LA-scaled.png","width":2560,"height":1707,"caption":"Marvin K\u00e4rle"},"logo":{"@id":"https:\/\/lechtal-alpin.at\/wp-content\/uploads\/2026\/04\/Logo_Lechtal-Alpin_nur-Schrift-LA-scaled.png"}}]}},"_links":{"self":[{"href":"https:\/\/lechtal-alpin.at\/index.php\/wp-json\/wp\/v2\/pages\/484","targetHints":{"allow":["GET"]}}],"collection":[{"href":"https:\/\/lechtal-alpin.at\/index.php\/wp-json\/wp\/v2\/pages"}],"about":[{"href":"https:\/\/lechtal-alpin.at\/index.php\/wp-json\/wp\/v2\/types\/page"}],"author":[{"embeddable":true,"href":"https:\/\/lechtal-alpin.at\/index.php\/wp-json\/wp\/v2\/users\/4"}],"replies":[{"embeddable":true,"href":"https:\/\/lechtal-alpin.at\/index.php\/wp-json\/wp\/v2\/comments?post=484"}],"version-history":[{"count":22,"href":"https:\/\/lechtal-alpin.at\/index.php\/wp-json\/wp\/v2\/pages\/484\/revisions"}],"predecessor-version":[{"id":1322,"href":"https:\/\/lechtal-alpin.at\/index.php\/wp-json\/wp\/v2\/pages\/484\/revisions\/1322"}],"wp:featuredmedia":[{"embeddable":true,"href":"https:\/\/lechtal-alpin.at\/index.php\/wp-json\/wp\/v2\/media\/1393"}],"wp:attachment":[{"href":"https:\/\/lechtal-alpin.at\/index.php\/wp-json\/wp\/v2\/media?parent=484"}],"curies":[{"name":"wp","href":"https:\/\/api.w.org\/{rel}","templated":true}]}}