{"id":21,"date":"2025-10-22T11:31:24","date_gmt":"2025-10-22T11:31:24","guid":{"rendered":"https:\/\/dev-lechtal-alpin.at\/?page_id=21"},"modified":"2026-02-26T15:15:19","modified_gmt":"2026-02-26T15:15:19","slug":"impressum","status":"publish","type":"page","link":"https:\/\/lechtal-alpin.at\/index.php\/impressum\/","title":{"rendered":"Impressum"},"content":{"rendered":"\n<h1 class=\"wp-block-heading\"><\/h1>\n\n\n\n<p>Informationen \u00fcber den Diensteanbieter.<\/p>\n\n\n\n<p><strong>Lechtal Alpin<\/strong><\/p>\n\n\n\n<p>Marvin K\u00e4rle<\/p>\n\n\n\n<p>Obergiblen 8a,<br>6652 Elbigenalp,<br>\u00d6sterreich<\/p>\n\n\n\n<p><strong>Tel.:<\/strong> +43 660 3409811<br><strong>E-Mail:<\/strong> <a href=\"mailto:marvin@lechtal-alpin.at\">marvin@lechtal-alpin.at<\/a><\/p>\n\n\n\n<p><strong>Unternehmensgegenstand:<\/strong> Ski- und Bergf\u00fchrer (IVBV, UIAGM, IFMGA), Canyoning Guide (IVBV)<\/p>\n\n\n\n<p><strong>Aufsichtsbeh\u00f6rde:<\/strong><br>Bezirkshauptmannschaft Reutte<\/p>\n\n\n\n<p><strong>Berufsbezeichnung:<\/strong> Ski- und Bergf\u00fchrer, Canyoning-Guide<\/p>\n\n\n\n<p><strong>Datenschutz Verantwortlicher<\/strong><br>Marvin K\u00e4rle<br>Obergiblen 8a<br>6652 Elbigenalp<br><strong>E-Mail:<\/strong> <a href=\"mailto:marvin@lechtal-alpin.at\">marvin@lechtal-alpin.at<\/a><br><strong>Tel.:<\/strong> +43 660 3409811<br><strong>Impressum:<\/strong> <a href=\"https:\/\/lechtal-alpin.at\/impressum\/\" target=\"_blank\" rel=\"noreferrer noopener\">https:\/\/lechtal-alpin.at\/impressum\/<\/a><\/p>\n\n\n\n<h2 class=\"wp-block-heading\" id=\"bildernachweis\">Bildernachweis<\/h2>\n\n\n\n<p>Die Bilder, Fotos und Grafiken auf dieser Webseite sind urheberrechtlich gesch\u00fctzt.<\/p>\n\n\n\n<p><strong>Die Bilderrechte liegen bei:<\/strong><br>Marvin K\u00e4rle, Claudia Lindner, \u00a9 Ma.Fia.Photography, Sepp Mallaun<\/p>\n\n\n\n<p>Alle Texte sind urheberrechtlich gesch\u00fctzt.<\/p>\n\n\n\n<p>Quelle: Erstellt mit dem <a href=\"https:\/\/www.adsimple.at\/impressum-generator\/\">Impressum Generator<\/a> von AdSimple<\/p>\n\n\n\n<h1 class=\"wp-block-heading\"><\/h1>\n","protected":false},"excerpt":{"rendered":"<p>Informationen \u00fcber den Diensteanbieter. Lechtal Alpin Marvin K\u00e4rle Obergiblen 8a,6652 Elbigenalp,\u00d6sterreich Tel.: +43 660 3409811E-Mail: marvin@lechtal-alpin.at Unternehmensgegenstand: Ski- und Bergf\u00fchrer (IVBV, UIAGM, IFMGA), Canyoning Guide (IVBV) Aufsichtsbeh\u00f6rde:Bezirkshauptmannschaft Reutte Berufsbezeichnung: Ski- und Bergf\u00fchrer, Canyoning-Guide Datenschutz VerantwortlicherMarvin K\u00e4rleObergiblen 8a6652 ElbigenalpE-Mail: marvin@lechtal-alpin.atTel.: +43 660 3409811Impressum: https:\/\/lechtal-alpin.at\/impressum\/ Bildernachweis Die Bilder, Fotos und Grafiken auf [&hellip;]<\/p>\n","protected":false},"author":3,"featured_media":0,"parent":0,"menu_order":0,"comment_status":"closed","ping_status":"closed","template":"","meta":{"inspiro_page_layout":"narrow","inspiro_hide_title":false,"footnotes":""},"class_list":["post-21","page","type-page","status-publish","hentry"],"yoast_head":"<!-- This site is optimized with the Yoast SEO plugin v27.3 - https:\/\/yoast.com\/product\/yoast-seo-wordpress\/ -->\n<title>Impressum - Lechtal Alpin<\/title>\n<meta name=\"robots\" content=\"index, follow, max-snippet:-1, max-image-preview:large, max-video-preview:-1\" \/>\n<link rel=\"canonical\" href=\"https:\/\/lechtal-alpin.at\/index.php\/impressum\/\" \/>\n<meta property=\"og:locale\" content=\"de_DE\" \/>\n<meta property=\"og:type\" content=\"article\" \/>\n<meta property=\"og:title\" content=\"Impressum - Lechtal Alpin\" \/>\n<meta property=\"og:description\" content=\"Informationen \u00fcber den Diensteanbieter. Lechtal Alpin Marvin K\u00e4rle Obergiblen 8a,6652 Elbigenalp,\u00d6sterreich Tel.: +43 660 3409811E-Mail: marvin@lechtal-alpin.at Unternehmensgegenstand: Ski- und Bergf\u00fchrer (IVBV, UIAGM, IFMGA), Canyoning Guide (IVBV) Aufsichtsbeh\u00f6rde:Bezirkshauptmannschaft Reutte Berufsbezeichnung: Ski- und Bergf\u00fchrer, Canyoning-Guide Datenschutz VerantwortlicherMarvin K\u00e4rleObergiblen 8a6652 ElbigenalpE-Mail: marvin@lechtal-alpin.atTel.: +43 660 3409811Impressum: https:\/\/lechtal-alpin.at\/impressum\/ Bildernachweis Die Bilder, Fotos und Grafiken auf [&hellip;]\" \/>\n<meta property=\"og:url\" content=\"https:\/\/lechtal-alpin.at\/index.php\/impressum\/\" \/>\n<meta property=\"og:site_name\" content=\"Lechtal Alpin\" \/>\n<meta property=\"article:modified_time\" content=\"2026-02-26T15:15:19+00:00\" \/>\n<meta name=\"twitter:card\" content=\"summary_large_image\" \/>\n<script type=\"application\/ld+json\" class=\"yoast-schema-graph\">{\"@context\":\"https:\\\/\\\/schema.org\",\"@graph\":[{\"@type\":\"WebPage\",\"@id\":\"https:\\\/\\\/lechtal-alpin.at\\\/index.php\\\/impressum\\\/\",\"url\":\"https:\\\/\\\/lechtal-alpin.at\\\/index.php\\\/impressum\\\/\",\"name\":\"Impressum - Lechtal Alpin\",\"isPartOf\":{\"@id\":\"https:\\\/\\\/lechtal-alpin.at\\\/#website\"},\"datePublished\":\"2025-10-22T11:31:24+00:00\",\"dateModified\":\"2026-02-26T15:15:19+00:00\",\"breadcrumb\":{\"@id\":\"https:\\\/\\\/lechtal-alpin.at\\\/index.php\\\/impressum\\\/#breadcrumb\"},\"inLanguage\":\"de-AT\",\"potentialAction\":[{\"@type\":\"ReadAction\",\"target\":[\"https:\\\/\\\/lechtal-alpin.at\\\/index.php\\\/impressum\\\/\"]}]},{\"@type\":\"BreadcrumbList\",\"@id\":\"https:\\\/\\\/lechtal-alpin.at\\\/index.php\\\/impressum\\\/#breadcrumb\",\"itemListElement\":[{\"@type\":\"ListItem\",\"position\":1,\"name\":\"Startseite\",\"item\":\"https:\\\/\\\/lechtal-alpin.at\\\/\"},{\"@type\":\"ListItem\",\"position\":2,\"name\":\"Impressum\"}]},{\"@type\":\"WebSite\",\"@id\":\"https:\\\/\\\/lechtal-alpin.at\\\/#website\",\"url\":\"https:\\\/\\\/lechtal-alpin.at\\\/\",\"name\":\"Lechtal Alpin\",\"description\":\"\",\"publisher\":{\"@id\":\"https:\\\/\\\/lechtal-alpin.at\\\/#\\\/schema\\\/person\\\/c379d06227bea9bcc3119575c50a158d\"},\"potentialAction\":[{\"@type\":\"SearchAction\",\"target\":{\"@type\":\"EntryPoint\",\"urlTemplate\":\"https:\\\/\\\/lechtal-alpin.at\\\/?s={search_term_string}\"},\"query-input\":{\"@type\":\"PropertyValueSpecification\",\"valueRequired\":true,\"valueName\":\"search_term_string\"}}],\"inLanguage\":\"de-AT\"},{\"@type\":[\"Person\",\"Organization\"],\"@id\":\"https:\\\/\\\/lechtal-alpin.at\\\/#\\\/schema\\\/person\\\/c379d06227bea9bcc3119575c50a158d\",\"name\":\"Marvin K\u00e4rle\",\"image\":{\"@type\":\"ImageObject\",\"inLanguage\":\"de-AT\",\"@id\":\"https:\\\/\\\/lechtal-alpin.at\\\/wp-content\\\/uploads\\\/2026\\\/04\\\/Logo_Lechtal-Alpin_nur-Schrift-LA-scaled.png\",\"url\":\"https:\\\/\\\/lechtal-alpin.at\\\/wp-content\\\/uploads\\\/2026\\\/04\\\/Logo_Lechtal-Alpin_nur-Schrift-LA-scaled.png\",\"contentUrl\":\"https:\\\/\\\/lechtal-alpin.at\\\/wp-content\\\/uploads\\\/2026\\\/04\\\/Logo_Lechtal-Alpin_nur-Schrift-LA-scaled.png\",\"width\":2560,\"height\":1707,\"caption\":\"Marvin K\u00e4rle\"},\"logo\":{\"@id\":\"https:\\\/\\\/lechtal-alpin.at\\\/wp-content\\\/uploads\\\/2026\\\/04\\\/Logo_Lechtal-Alpin_nur-Schrift-LA-scaled.png\"}}]}<\/script>\n<!-- \/ Yoast SEO plugin. -->","yoast_head_json":{"title":"Impressum - Lechtal Alpin","robots":{"index":"index","follow":"follow","max-snippet":"max-snippet:-1","max-image-preview":"max-image-preview:large","max-video-preview":"max-video-preview:-1"},"canonical":"https:\/\/lechtal-alpin.at\/index.php\/impressum\/","og_locale":"de_DE","og_type":"article","og_title":"Impressum - Lechtal Alpin","og_description":"Informationen \u00fcber den Diensteanbieter. Lechtal Alpin Marvin K\u00e4rle Obergiblen 8a,6652 Elbigenalp,\u00d6sterreich Tel.: +43 660 3409811E-Mail: marvin@lechtal-alpin.at Unternehmensgegenstand: Ski- und Bergf\u00fchrer (IVBV, UIAGM, IFMGA), Canyoning Guide (IVBV) Aufsichtsbeh\u00f6rde:Bezirkshauptmannschaft Reutte Berufsbezeichnung: Ski- und Bergf\u00fchrer, Canyoning-Guide Datenschutz VerantwortlicherMarvin K\u00e4rleObergiblen 8a6652 ElbigenalpE-Mail: marvin@lechtal-alpin.atTel.: +43 660 3409811Impressum: https:\/\/lechtal-alpin.at\/impressum\/ Bildernachweis Die Bilder, Fotos und Grafiken auf [&hellip;]","og_url":"https:\/\/lechtal-alpin.at\/index.php\/impressum\/","og_site_name":"Lechtal Alpin","article_modified_time":"2026-02-26T15:15:19+00:00","twitter_card":"summary_large_image","schema":{"@context":"https:\/\/schema.org","@graph":[{"@type":"WebPage","@id":"https:\/\/lechtal-alpin.at\/index.php\/impressum\/","url":"https:\/\/lechtal-alpin.at\/index.php\/impressum\/","name":"Impressum - Lechtal Alpin","isPartOf":{"@id":"https:\/\/lechtal-alpin.at\/#website"},"datePublished":"2025-10-22T11:31:24+00:00","dateModified":"2026-02-26T15:15:19+00:00","breadcrumb":{"@id":"https:\/\/lechtal-alpin.at\/index.php\/impressum\/#breadcrumb"},"inLanguage":"de-AT","potentialAction":[{"@type":"ReadAction","target":["https:\/\/lechtal-alpin.at\/index.php\/impressum\/"]}]},{"@type":"BreadcrumbList","@id":"https:\/\/lechtal-alpin.at\/index.php\/impressum\/#breadcrumb","itemListElement":[{"@type":"ListItem","position":1,"name":"Startseite","item":"https:\/\/lechtal-alpin.at\/"},{"@type":"ListItem","position":2,"name":"Impressum"}]},{"@type":"WebSite","@id":"https:\/\/lechtal-alpin.at\/#website","url":"https:\/\/lechtal-alpin.at\/","name":"Lechtal Alpin","description":"","publisher":{"@id":"https:\/\/lechtal-alpin.at\/#\/schema\/person\/c379d06227bea9bcc3119575c50a158d"},"potentialAction":[{"@type":"SearchAction","target":{"@type":"EntryPoint","urlTemplate":"https:\/\/lechtal-alpin.at\/?s={search_term_string}"},"query-input":{"@type":"PropertyValueSpecification","valueRequired":true,"valueName":"search_term_string"}}],"inLanguage":"de-AT"},{"@type":["Person","Organization"],"@id":"https:\/\/lechtal-alpin.at\/#\/schema\/person\/c379d06227bea9bcc3119575c50a158d","name":"Marvin K\u00e4rle","image":{"@type":"ImageObject","inLanguage":"de-AT","@id":"https:\/\/lechtal-alpin.at\/wp-content\/uploads\/2026\/04\/Logo_Lechtal-Alpin_nur-Schrift-LA-scaled.png","url":"https:\/\/lechtal-alpin.at\/wp-content\/uploads\/2026\/04\/Logo_Lechtal-Alpin_nur-Schrift-LA-scaled.png","contentUrl":"https:\/\/lechtal-alpin.at\/wp-content\/uploads\/2026\/04\/Logo_Lechtal-Alpin_nur-Schrift-LA-scaled.png","width":2560,"height":1707,"caption":"Marvin K\u00e4rle"},"logo":{"@id":"https:\/\/lechtal-alpin.at\/wp-content\/uploads\/2026\/04\/Logo_Lechtal-Alpin_nur-Schrift-LA-scaled.png"}}]}},"_links":{"self":[{"href":"https:\/\/lechtal-alpin.at\/index.php\/wp-json\/wp\/v2\/pages\/21","targetHints":{"allow":["GET"]}}],"collection":[{"href":"https:\/\/lechtal-alpin.at\/index.php\/wp-json\/wp\/v2\/pages"}],"about":[{"href":"https:\/\/lechtal-alpin.at\/index.php\/wp-json\/wp\/v2\/types\/page"}],"author":[{"embeddable":true,"href":"https:\/\/lechtal-alpin.at\/index.php\/wp-json\/wp\/v2\/users\/3"}],"replies":[{"embeddable":true,"href":"https:\/\/lechtal-alpin.at\/index.php\/wp-json\/wp\/v2\/comments?post=21"}],"version-history":[{"count":7,"href":"https:\/\/lechtal-alpin.at\/index.php\/wp-json\/wp\/v2\/pages\/21\/revisions"}],"predecessor-version":[{"id":1426,"href":"https:\/\/lechtal-alpin.at\/index.php\/wp-json\/wp\/v2\/pages\/21\/revisions\/1426"}],"wp:attachment":[{"href":"https:\/\/lechtal-alpin.at\/index.php\/wp-json\/wp\/v2\/media?parent=21"}],"curies":[{"name":"wp","href":"https:\/\/api.w.org\/{rel}","templated":true}]}}