{"id":1182,"date":"2026-01-30T10:57:53","date_gmt":"2026-01-30T10:57:53","guid":{"rendered":"https:\/\/dev-lechtal-alpin.at\/?page_id=1182"},"modified":"2026-04-10T08:50:22","modified_gmt":"2026-04-10T08:50:22","slug":"deine-hochtour-skihochtour-bergfuehrer-skitour","status":"publish","type":"page","link":"https:\/\/lechtal-alpin.at\/index.php\/deine-hochtour-skihochtour-bergfuehrer-skitour\/","title":{"rendered":"Deine Hochtour"},"content":{"rendered":"<div class=\"wpb-content-wrapper\"><p>[vc_row][vc_column][vc_empty_space height=&#8220;60&#8243;][vc_row_inner equal_height=&#8220;yes&#8220; gap=&#8220;5&#8243;][vc_column_inner width=&#8220;1\/2&#8243;][\/vc_column_inner][vc_column_inner width=&#8220;1\/2&#8243; css=&#8220;.vc_custom_1769756093731{background-color: #E3E3E3 !important;background-position: center !important;background-repeat: no-repeat !important;background-size: cover !important;}&#8220;][vc_column_text css=&#8220;.vc_custom_1771837591249{margin-right: 15px !important;margin-left: 20px !important;}&#8220;]<\/p>\n<h3><span style=\"color: #4f84c4;\"><strong>DEINE HOCHTOUR<br \/>\n<\/strong><\/span><span style=\"color: #4f84c4;\">Mit Ski auf deine Wunschgipfel<\/span><\/h3>\n<p><strong>Dauer: <\/strong>Individuell<br \/>\n<strong>Teilnehmer:<\/strong> 1\u20136 Personen<\/p>\n<p><strong>Ausgangsort:<\/strong> Individuell<br \/>\n<strong>Voraussetzung:<\/strong> Grundkondition, Trittsicherheit, Parallels und sicheres Skifahren<\/p>\n<h4><span style=\"color: #4f84c4;\"><strong>Ab \u20ac 125,00 \/ pro Person<\/strong><\/span><\/h4>\n<p>[\/vc_column_text][\/vc_column_inner][\/vc_row_inner][vc_empty_space height=&#8220;60&#8243;][\/vc_column][\/vc_row][vc_row full_width=&#8220;stretch_row&#8220; css=&#8220;.vc_custom_1763991539983{background-color: #E3E3E3 !important;background-position: center !important;background-repeat: no-repeat !important;background-size: cover !important;}&#8220;][vc_column][vc_empty_space height=&#8220;20&#8243;][vc_row_inner gap=&#8220;15&#8243;][vc_column_inner width=&#8220;1\/2&#8243;][vc_column_text css=&#8220;&#8220;]<strong>Mit Ski auf die sch\u00f6nsten Berge des Alpenhauptkammes. Am Seil gesichert geht es \u00fcber die Gletscher in Richtung Gipfel. Eine der besten Arten in die Berge zu gehen, eine Ski- Hochtour.<\/strong><\/p>\n<p>Je nach Witterung, Verh\u00e4ltnisse und K\u00f6nnen erstelle ich euch ein individuelles Programm. Egal ob eine eint\u00e4gige Ski- Hochtour, oder eine mehrt\u00e4gige Durchquerung. Gemeinsam verwirklichen wir euer Wunschziel.[\/vc_column_text][\/vc_column_inner][vc_column_inner width=&#8220;1\/2&#8243;][vc_column_text css=&#8220;&#8220;]<strong>Leistung: <\/strong><br \/>\n\u2022 Planung und Organisation<br \/>\n\u2022 F\u00fchrung durch staatlich gepr\u00fcften Berg- und Skif\u00fchrer<br \/>\n\u2022 Reservierung der H\u00fctte<\/p>\n<p><strong>Zusatzkosten: <\/strong><br \/>\n\u2022 Kosten f\u00fcr An- und Abreise<br \/>\n\u2022 Eventuell \u00dcbernachtung + HP auf der H\u00fctte<br \/>\n\u2022 Eventuell Liftfahrt<br \/>\n\u2022 Bergf\u00fchrer Spesen<\/p>\n<p><strong>Preisinfo:<br \/>\n<\/strong>\u20ac 500,00 (Basispreis pro Tag) + \u20ac 50,00 jede weitere Person[\/vc_column_text][vc_btn title=&#8220;JETZT ANFRAGEN&#8220; style=&#8220;outline-custom&#8220; outline_custom_color=&#8220;#4F84C4&#8243; outline_custom_hover_background=&#8220;#4F84C4&#8243; shape=&#8220;square&#8220; align=&#8220;left&#8220; css=&#8220;&#8220; link=&#8220;url:mailto%3Amarvin%40lechtal-alpin.at%3Fsubject%3DAnfrage-Deine%20Hochtour&#8220;][\/vc_column_inner][\/vc_row_inner][vc_empty_space height=&#8220;20&#8243;][\/vc_column][\/vc_row]<\/p>\n<\/div>","protected":false},"excerpt":{"rendered":"<p>[vc_row][vc_column][vc_empty_space height=&#8220;60&#8243;][vc_row_inner equal_height=&#8220;yes&#8220; gap=&#8220;5&#8243;][vc_column_inner width=&#8220;1\/2&#8243;][\/vc_column_inner][vc_column_inner width=&#8220;1\/2&#8243; css=&#8220;.vc_custom_1769756093731{background-color: #E3E3E3 !important;background-position: center !important;background-repeat: no-repeat !important;background-size: cover !important;}&#8220;][vc_column_text css=&#8220;.vc_custom_1771837591249{margin-right: 15px !important;margin-left: 20px !important;}&#8220;] DEINE HOCHTOUR Mit Ski auf deine Wunschgipfel Dauer: Individuell Teilnehmer: 1\u20136 Personen Ausgangsort: Individuell Voraussetzung: Grundkondition, Trittsicherheit, Parallels und sicheres Skifahren Ab \u20ac 125,00 \/ pro Person [\/vc_column_text][\/vc_column_inner][\/vc_row_inner][vc_empty_space height=&#8220;60&#8243;][\/vc_column][\/vc_row][vc_row full_width=&#8220;stretch_row&#8220; [&hellip;]<\/p>\n","protected":false},"author":4,"featured_media":1422,"parent":0,"menu_order":0,"comment_status":"closed","ping_status":"closed","template":"","meta":{"inspiro_page_layout":"narrow","inspiro_hide_title":false,"footnotes":""},"class_list":["post-1182","page","type-page","status-publish","has-post-thumbnail","hentry"],"yoast_head":"<!-- This site is optimized with the Yoast SEO plugin v27.3 - https:\/\/yoast.com\/product\/yoast-seo-wordpress\/ -->\n<title>Deine Hochtour - Lechtal Alpin<\/title>\n<meta name=\"description\" content=\"Mit Ski auf die sch\u00f6nsten Berge der Alpen. Am Seil gesichert geht es \u00fcber die Gletscher in Richtung Gipfel. Eine der besten Arten in die Berge zu gehen, eine Ski- Hochtour mit deinem pers\u00f6nlichem Bergf\u00fchrer\" \/>\n<meta name=\"robots\" content=\"index, follow, max-snippet:-1, max-image-preview:large, max-video-preview:-1\" \/>\n<link rel=\"canonical\" href=\"https:\/\/lechtal-alpin.at\/index.php\/deine-hochtour-skihochtour-bergfuehrer-skitour\/\" \/>\n<meta property=\"og:locale\" content=\"de_DE\" \/>\n<meta property=\"og:type\" content=\"article\" \/>\n<meta property=\"og:title\" content=\"Deine Hochtour - Lechtal Alpin\" \/>\n<meta property=\"og:description\" content=\"Mit Ski auf die sch\u00f6nsten Berge der Alpen. Am Seil gesichert geht es \u00fcber die Gletscher in Richtung Gipfel. Eine der besten Arten in die Berge zu gehen, eine Ski- Hochtour mit deinem pers\u00f6nlichem Bergf\u00fchrer\" \/>\n<meta property=\"og:url\" content=\"https:\/\/lechtal-alpin.at\/index.php\/deine-hochtour-skihochtour-bergfuehrer-skitour\/\" \/>\n<meta property=\"og:site_name\" content=\"Lechtal Alpin\" \/>\n<meta property=\"article:modified_time\" content=\"2026-04-10T08:50:22+00:00\" \/>\n<meta property=\"og:image\" content=\"https:\/\/lechtal-alpin.at\/wp-content\/uploads\/2026\/02\/Lechtal_Alpin_BEITRAG_Ski_Hochtour_Deine_Hochtour.jpg\" \/>\n\t<meta property=\"og:image:width\" content=\"1800\" \/>\n\t<meta property=\"og:image:height\" content=\"1000\" \/>\n\t<meta property=\"og:image:type\" content=\"image\/jpeg\" \/>\n<meta name=\"twitter:card\" content=\"summary_large_image\" \/>\n<meta name=\"twitter:label1\" content=\"Gesch\u00e4tzte Lesezeit\" \/>\n\t<meta name=\"twitter:data1\" content=\"2 Minuten\" \/>\n<script type=\"application\/ld+json\" class=\"yoast-schema-graph\">{\"@context\":\"https:\\\/\\\/schema.org\",\"@graph\":[{\"@type\":\"WebPage\",\"@id\":\"https:\\\/\\\/lechtal-alpin.at\\\/index.php\\\/deine-hochtour-skihochtour-bergfuehrer-skitour\\\/\",\"url\":\"https:\\\/\\\/lechtal-alpin.at\\\/index.php\\\/deine-hochtour-skihochtour-bergfuehrer-skitour\\\/\",\"name\":\"Deine Hochtour - Lechtal Alpin\",\"isPartOf\":{\"@id\":\"https:\\\/\\\/lechtal-alpin.at\\\/#website\"},\"primaryImageOfPage\":{\"@id\":\"https:\\\/\\\/lechtal-alpin.at\\\/index.php\\\/deine-hochtour-skihochtour-bergfuehrer-skitour\\\/#primaryimage\"},\"image\":{\"@id\":\"https:\\\/\\\/lechtal-alpin.at\\\/index.php\\\/deine-hochtour-skihochtour-bergfuehrer-skitour\\\/#primaryimage\"},\"thumbnailUrl\":\"https:\\\/\\\/lechtal-alpin.at\\\/wp-content\\\/uploads\\\/2026\\\/02\\\/Lechtal_Alpin_BEITRAG_Ski_Hochtour_Deine_Hochtour.jpg\",\"datePublished\":\"2026-01-30T10:57:53+00:00\",\"dateModified\":\"2026-04-10T08:50:22+00:00\",\"description\":\"Mit Ski auf die sch\u00f6nsten Berge der Alpen. Am Seil gesichert geht es \u00fcber die Gletscher in Richtung Gipfel. Eine der besten Arten in die Berge zu gehen, eine Ski- Hochtour mit deinem pers\u00f6nlichem Bergf\u00fchrer\",\"breadcrumb\":{\"@id\":\"https:\\\/\\\/lechtal-alpin.at\\\/index.php\\\/deine-hochtour-skihochtour-bergfuehrer-skitour\\\/#breadcrumb\"},\"inLanguage\":\"de-AT\",\"potentialAction\":[{\"@type\":\"ReadAction\",\"target\":[\"https:\\\/\\\/lechtal-alpin.at\\\/index.php\\\/deine-hochtour-skihochtour-bergfuehrer-skitour\\\/\"]}]},{\"@type\":\"ImageObject\",\"inLanguage\":\"de-AT\",\"@id\":\"https:\\\/\\\/lechtal-alpin.at\\\/index.php\\\/deine-hochtour-skihochtour-bergfuehrer-skitour\\\/#primaryimage\",\"url\":\"https:\\\/\\\/lechtal-alpin.at\\\/wp-content\\\/uploads\\\/2026\\\/02\\\/Lechtal_Alpin_BEITRAG_Ski_Hochtour_Deine_Hochtour.jpg\",\"contentUrl\":\"https:\\\/\\\/lechtal-alpin.at\\\/wp-content\\\/uploads\\\/2026\\\/02\\\/Lechtal_Alpin_BEITRAG_Ski_Hochtour_Deine_Hochtour.jpg\",\"width\":1800,\"height\":1000},{\"@type\":\"BreadcrumbList\",\"@id\":\"https:\\\/\\\/lechtal-alpin.at\\\/index.php\\\/deine-hochtour-skihochtour-bergfuehrer-skitour\\\/#breadcrumb\",\"itemListElement\":[{\"@type\":\"ListItem\",\"position\":1,\"name\":\"Startseite\",\"item\":\"https:\\\/\\\/lechtal-alpin.at\\\/\"},{\"@type\":\"ListItem\",\"position\":2,\"name\":\"Deine Hochtour\"}]},{\"@type\":\"WebSite\",\"@id\":\"https:\\\/\\\/lechtal-alpin.at\\\/#website\",\"url\":\"https:\\\/\\\/lechtal-alpin.at\\\/\",\"name\":\"Lechtal Alpin\",\"description\":\"\",\"publisher\":{\"@id\":\"https:\\\/\\\/lechtal-alpin.at\\\/#\\\/schema\\\/person\\\/c379d06227bea9bcc3119575c50a158d\"},\"potentialAction\":[{\"@type\":\"SearchAction\",\"target\":{\"@type\":\"EntryPoint\",\"urlTemplate\":\"https:\\\/\\\/lechtal-alpin.at\\\/?s={search_term_string}\"},\"query-input\":{\"@type\":\"PropertyValueSpecification\",\"valueRequired\":true,\"valueName\":\"search_term_string\"}}],\"inLanguage\":\"de-AT\"},{\"@type\":[\"Person\",\"Organization\"],\"@id\":\"https:\\\/\\\/lechtal-alpin.at\\\/#\\\/schema\\\/person\\\/c379d06227bea9bcc3119575c50a158d\",\"name\":\"Marvin K\u00e4rle\",\"image\":{\"@type\":\"ImageObject\",\"inLanguage\":\"de-AT\",\"@id\":\"https:\\\/\\\/lechtal-alpin.at\\\/wp-content\\\/uploads\\\/2026\\\/04\\\/Logo_Lechtal-Alpin_nur-Schrift-LA-scaled.png\",\"url\":\"https:\\\/\\\/lechtal-alpin.at\\\/wp-content\\\/uploads\\\/2026\\\/04\\\/Logo_Lechtal-Alpin_nur-Schrift-LA-scaled.png\",\"contentUrl\":\"https:\\\/\\\/lechtal-alpin.at\\\/wp-content\\\/uploads\\\/2026\\\/04\\\/Logo_Lechtal-Alpin_nur-Schrift-LA-scaled.png\",\"width\":2560,\"height\":1707,\"caption\":\"Marvin K\u00e4rle\"},\"logo\":{\"@id\":\"https:\\\/\\\/lechtal-alpin.at\\\/wp-content\\\/uploads\\\/2026\\\/04\\\/Logo_Lechtal-Alpin_nur-Schrift-LA-scaled.png\"}}]}<\/script>\n<!-- \/ Yoast SEO plugin. -->","yoast_head_json":{"title":"Deine Hochtour - Lechtal Alpin","description":"Mit Ski auf die sch\u00f6nsten Berge der Alpen. Am Seil gesichert geht es \u00fcber die Gletscher in Richtung Gipfel. Eine der besten Arten in die Berge zu gehen, eine Ski- Hochtour mit deinem pers\u00f6nlichem Bergf\u00fchrer","robots":{"index":"index","follow":"follow","max-snippet":"max-snippet:-1","max-image-preview":"max-image-preview:large","max-video-preview":"max-video-preview:-1"},"canonical":"https:\/\/lechtal-alpin.at\/index.php\/deine-hochtour-skihochtour-bergfuehrer-skitour\/","og_locale":"de_DE","og_type":"article","og_title":"Deine Hochtour - Lechtal Alpin","og_description":"Mit Ski auf die sch\u00f6nsten Berge der Alpen. Am Seil gesichert geht es \u00fcber die Gletscher in Richtung Gipfel. Eine der besten Arten in die Berge zu gehen, eine Ski- Hochtour mit deinem pers\u00f6nlichem Bergf\u00fchrer","og_url":"https:\/\/lechtal-alpin.at\/index.php\/deine-hochtour-skihochtour-bergfuehrer-skitour\/","og_site_name":"Lechtal Alpin","article_modified_time":"2026-04-10T08:50:22+00:00","og_image":[{"width":1800,"height":1000,"url":"https:\/\/lechtal-alpin.at\/wp-content\/uploads\/2026\/02\/Lechtal_Alpin_BEITRAG_Ski_Hochtour_Deine_Hochtour.jpg","type":"image\/jpeg"}],"twitter_card":"summary_large_image","twitter_misc":{"Gesch\u00e4tzte Lesezeit":"2 Minuten"},"schema":{"@context":"https:\/\/schema.org","@graph":[{"@type":"WebPage","@id":"https:\/\/lechtal-alpin.at\/index.php\/deine-hochtour-skihochtour-bergfuehrer-skitour\/","url":"https:\/\/lechtal-alpin.at\/index.php\/deine-hochtour-skihochtour-bergfuehrer-skitour\/","name":"Deine Hochtour - Lechtal Alpin","isPartOf":{"@id":"https:\/\/lechtal-alpin.at\/#website"},"primaryImageOfPage":{"@id":"https:\/\/lechtal-alpin.at\/index.php\/deine-hochtour-skihochtour-bergfuehrer-skitour\/#primaryimage"},"image":{"@id":"https:\/\/lechtal-alpin.at\/index.php\/deine-hochtour-skihochtour-bergfuehrer-skitour\/#primaryimage"},"thumbnailUrl":"https:\/\/lechtal-alpin.at\/wp-content\/uploads\/2026\/02\/Lechtal_Alpin_BEITRAG_Ski_Hochtour_Deine_Hochtour.jpg","datePublished":"2026-01-30T10:57:53+00:00","dateModified":"2026-04-10T08:50:22+00:00","description":"Mit Ski auf die sch\u00f6nsten Berge der Alpen. Am Seil gesichert geht es \u00fcber die Gletscher in Richtung Gipfel. Eine der besten Arten in die Berge zu gehen, eine Ski- Hochtour mit deinem pers\u00f6nlichem Bergf\u00fchrer","breadcrumb":{"@id":"https:\/\/lechtal-alpin.at\/index.php\/deine-hochtour-skihochtour-bergfuehrer-skitour\/#breadcrumb"},"inLanguage":"de-AT","potentialAction":[{"@type":"ReadAction","target":["https:\/\/lechtal-alpin.at\/index.php\/deine-hochtour-skihochtour-bergfuehrer-skitour\/"]}]},{"@type":"ImageObject","inLanguage":"de-AT","@id":"https:\/\/lechtal-alpin.at\/index.php\/deine-hochtour-skihochtour-bergfuehrer-skitour\/#primaryimage","url":"https:\/\/lechtal-alpin.at\/wp-content\/uploads\/2026\/02\/Lechtal_Alpin_BEITRAG_Ski_Hochtour_Deine_Hochtour.jpg","contentUrl":"https:\/\/lechtal-alpin.at\/wp-content\/uploads\/2026\/02\/Lechtal_Alpin_BEITRAG_Ski_Hochtour_Deine_Hochtour.jpg","width":1800,"height":1000},{"@type":"BreadcrumbList","@id":"https:\/\/lechtal-alpin.at\/index.php\/deine-hochtour-skihochtour-bergfuehrer-skitour\/#breadcrumb","itemListElement":[{"@type":"ListItem","position":1,"name":"Startseite","item":"https:\/\/lechtal-alpin.at\/"},{"@type":"ListItem","position":2,"name":"Deine Hochtour"}]},{"@type":"WebSite","@id":"https:\/\/lechtal-alpin.at\/#website","url":"https:\/\/lechtal-alpin.at\/","name":"Lechtal Alpin","description":"","publisher":{"@id":"https:\/\/lechtal-alpin.at\/#\/schema\/person\/c379d06227bea9bcc3119575c50a158d"},"potentialAction":[{"@type":"SearchAction","target":{"@type":"EntryPoint","urlTemplate":"https:\/\/lechtal-alpin.at\/?s={search_term_string}"},"query-input":{"@type":"PropertyValueSpecification","valueRequired":true,"valueName":"search_term_string"}}],"inLanguage":"de-AT"},{"@type":["Person","Organization"],"@id":"https:\/\/lechtal-alpin.at\/#\/schema\/person\/c379d06227bea9bcc3119575c50a158d","name":"Marvin K\u00e4rle","image":{"@type":"ImageObject","inLanguage":"de-AT","@id":"https:\/\/lechtal-alpin.at\/wp-content\/uploads\/2026\/04\/Logo_Lechtal-Alpin_nur-Schrift-LA-scaled.png","url":"https:\/\/lechtal-alpin.at\/wp-content\/uploads\/2026\/04\/Logo_Lechtal-Alpin_nur-Schrift-LA-scaled.png","contentUrl":"https:\/\/lechtal-alpin.at\/wp-content\/uploads\/2026\/04\/Logo_Lechtal-Alpin_nur-Schrift-LA-scaled.png","width":2560,"height":1707,"caption":"Marvin K\u00e4rle"},"logo":{"@id":"https:\/\/lechtal-alpin.at\/wp-content\/uploads\/2026\/04\/Logo_Lechtal-Alpin_nur-Schrift-LA-scaled.png"}}]}},"_links":{"self":[{"href":"https:\/\/lechtal-alpin.at\/index.php\/wp-json\/wp\/v2\/pages\/1182","targetHints":{"allow":["GET"]}}],"collection":[{"href":"https:\/\/lechtal-alpin.at\/index.php\/wp-json\/wp\/v2\/pages"}],"about":[{"href":"https:\/\/lechtal-alpin.at\/index.php\/wp-json\/wp\/v2\/types\/page"}],"author":[{"embeddable":true,"href":"https:\/\/lechtal-alpin.at\/index.php\/wp-json\/wp\/v2\/users\/4"}],"replies":[{"embeddable":true,"href":"https:\/\/lechtal-alpin.at\/index.php\/wp-json\/wp\/v2\/comments?post=1182"}],"version-history":[{"count":4,"href":"https:\/\/lechtal-alpin.at\/index.php\/wp-json\/wp\/v2\/pages\/1182\/revisions"}],"predecessor-version":[{"id":1361,"href":"https:\/\/lechtal-alpin.at\/index.php\/wp-json\/wp\/v2\/pages\/1182\/revisions\/1361"}],"wp:featuredmedia":[{"embeddable":true,"href":"https:\/\/lechtal-alpin.at\/index.php\/wp-json\/wp\/v2\/media\/1422"}],"wp:attachment":[{"href":"https:\/\/lechtal-alpin.at\/index.php\/wp-json\/wp\/v2\/media?parent=1182"}],"curies":[{"name":"wp","href":"https:\/\/api.w.org\/{rel}","templated":true}]}}