{"id":1141,"date":"2026-01-30T09:49:32","date_gmt":"2026-01-30T09:49:32","guid":{"rendered":"https:\/\/dev-lechtal-alpin.at\/?page_id=1141"},"modified":"2026-04-10T10:05:36","modified_gmt":"2026-04-10T10:05:36","slug":"tessin","status":"publish","type":"page","link":"https:\/\/lechtal-alpin.at\/index.php\/tessin\/","title":{"rendered":"Tessin"},"content":{"rendered":"<div class=\"wpb-content-wrapper\"><p>[vc_row][vc_column][vc_empty_space height=&#8220;60&#8243;][vc_row_inner equal_height=&#8220;yes&#8220; gap=&#8220;5&#8243;][vc_column_inner width=&#8220;1\/2&#8243;][\/vc_column_inner][vc_column_inner width=&#8220;1\/2&#8243; css=&#8220;.vc_custom_1769756093731{background-color: #E3E3E3 !important;background-position: center !important;background-repeat: no-repeat !important;background-size: cover !important;}&#8220;][vc_column_text css=&#8220;.vc_custom_1772112800497{margin-right: 15px !important;margin-left: 20px !important;}&#8220;]<\/p>\n<h3><strong><span style=\"color: #ae6523;\">TESSIN<br \/>\n<\/span><\/strong><span style=\"color: #ae6523;\">Canyoning<\/span><\/h3>\n<p><strong>Dauer: <\/strong>3 Tage<br \/>\n<strong>Teilnehmer: <\/strong>1\u20136 Personen<\/p>\n<p><strong>Ausgangsort: <\/strong>Tessin<br \/>\n<strong>Voraussetzung: <\/strong>gute Kondition, Trittsicherheit, etwas Mut, Canyoning Erfahrung von Vorteil<\/p>\n<p><strong><span style=\"color: #ae6523;\">Ab \u20ac 540,00 \/ pro Person<\/span><\/strong>[\/vc_column_text][\/vc_column_inner][\/vc_row_inner][vc_empty_space height=&#8220;60&#8243;][\/vc_column][\/vc_row][vc_row full_width=&#8220;stretch_row&#8220; css=&#8220;.vc_custom_1763991539983{background-color: #E3E3E3 !important;background-position: center !important;background-repeat: no-repeat !important;background-size: cover !important;}&#8220;][vc_column][vc_empty_space height=&#8220;20&#8243;][vc_row_inner gap=&#8220;15&#8243;][vc_column_inner width=&#8220;1\/2&#8243;][vc_column_text css=&#8220;&#8220;]<strong>Tauche ein in die spektakul\u00e4ren Schluchten des Tessins! Das Canyoning Eldorado schlecht hin! An drei unvergesslichen Tagen erleben wir abwechslungsreiches Canyoning inmitten steiler Felsw\u00e4nde, kristallklaren Pools und Rutschen &amp; Spr\u00fcnge die das Herz h\u00f6herschlagen lassen.<\/strong><\/p>\n<p><strong>Tag 1:<\/strong> eigenst\u00e4ndige Anreise, anschlie\u00dfend treffen wir uns, am sp\u00e4ten Vormittag, je nach Tour, in einer der urigen Bars in Cresciano oder im Val di Maggia und besprechen bei einem Kaffee das Programm der n\u00e4chsten Tage. Danach geht es auch schon los und wir gehen zum ersten Canyon. Briefing und anschlie\u00dfend ab in die Schucht zu unserer ersten Tour.<\/p>\n<p><strong>Tag 2:<\/strong> steht ganz im Zeichen von purem Canyoning. Es steht eine lange Tour am Programm, einer der vielen Klassiker. Wir stimmen die Tour gemeinsam auf euren Level ab! Jede Schlucht hat ihren eigenen Charakter \u2013 von spielerischen Rutschen und Spr\u00fcngen, bis hin zu beeindruckenden Abseilstellen in atemberaubender Natur.<\/p>\n<p><strong>Tag 3:<\/strong> Auch heute begehen wir eine der traumhaften Schluchten im Tessin. Wie lange die heutige Tour ausf\u00e4llt, stimmen wir erneut individuell ab. Wir tauchen nochmals ein in die Welt der Tessiner Canyons. Anschlie\u00dfend Verabschiedung und selbstst\u00e4ndige Heimreise.<\/p>\n<p>Der Trip ist ideal f\u00fcr abenteuerlustige Einsteiger mit guter Kondition sowie f\u00fcr Fortgeschrittene, die mehrere Tage Canyoning am St\u00fcck erleben m\u00f6chten.[\/vc_column_text][\/vc_column_inner][vc_column_inner width=&#8220;1\/2&#8243;][vc_column_text css=&#8220;&#8220;]<strong>Leistung:<\/strong><br \/>\n\u2022 Planung und Organisation<br \/>\n\u2022 F\u00fchrung durch staatlich gepr\u00fcften Canyoningf\u00fchrer<br \/>\n\u2022 komplette und moderne Canyoning Ausr\u00fcstung<br \/>\n\u2022 Actionfotos<\/p>\n<p><strong>Mitzubringen:<\/strong><br \/>\nBadesachen, Handtuch, Sportshirt, Brillentr\u00e4ger eventuell Kontaktlinsen<\/p>\n<p><strong>Zusatzkosten:<br \/>\n<\/strong>\u2022 An- &amp; Abreise<br \/>\n\u2022 \u00dcbernachtung + Verpflegung<\/p>\n<p><strong>Preisinfo:<br \/>\n<\/strong>\u20ac 540,00 \/ Person ab 4 TN<br \/>\nbei weniger als 4 TN, Preis auf Anfrage<br \/>\nBei weniger als 3 Tage, Preis auf Anfrage<\/p>\n<p>[\/vc_column_text][vc_btn title=&#8220;JETZT ANFRAGEN&#8220; style=&#8220;outline-custom&#8220; outline_custom_color=&#8220;#AE6523&#8243; outline_custom_hover_background=&#8220;#AE6523&#8243; shape=&#8220;square&#8220; align=&#8220;left&#8220; css=&#8220;&#8220; link=&#8220;url:mailto%3Amarvin%40lechtal-alpin.at%3Fsubject%3DAnfrage%20Canyoning-Tessin&#8220;][\/vc_column_inner][\/vc_row_inner][vc_empty_space height=&#8220;20&#8243;][\/vc_column][\/vc_row]<\/p>\n<\/div>","protected":false},"excerpt":{"rendered":"<p>[vc_row][vc_column][vc_empty_space height=&#8220;60&#8243;][vc_row_inner equal_height=&#8220;yes&#8220; gap=&#8220;5&#8243;][vc_column_inner width=&#8220;1\/2&#8243;][\/vc_column_inner][vc_column_inner width=&#8220;1\/2&#8243; css=&#8220;.vc_custom_1769756093731{background-color: #E3E3E3 !important;background-position: center !important;background-repeat: no-repeat !important;background-size: cover !important;}&#8220;][vc_column_text css=&#8220;.vc_custom_1772112800497{margin-right: 15px !important;margin-left: 20px !important;}&#8220;] TESSIN Canyoning Dauer: 3 Tage Teilnehmer: 1\u20136 Personen Ausgangsort: Tessin Voraussetzung: gute Kondition, Trittsicherheit, etwas Mut, Canyoning Erfahrung von Vorteil Ab \u20ac 540,00 \/ pro Person[\/vc_column_text][\/vc_column_inner][\/vc_row_inner][vc_empty_space height=&#8220;60&#8243;][\/vc_column][\/vc_row][vc_row full_width=&#8220;stretch_row&#8220; css=&#8220;.vc_custom_1763991539983{background-color: #E3E3E3 [&hellip;]<\/p>\n","protected":false},"author":4,"featured_media":1238,"parent":0,"menu_order":0,"comment_status":"closed","ping_status":"closed","template":"","meta":{"inspiro_page_layout":"narrow","inspiro_hide_title":false,"footnotes":""},"class_list":["post-1141","page","type-page","status-publish","has-post-thumbnail","hentry"],"yoast_head":"<!-- This site is optimized with the Yoast SEO plugin v27.3 - https:\/\/yoast.com\/product\/yoast-seo-wordpress\/ -->\n<title>Canyoning Tessin - Lechtal Alpin<\/title>\n<meta name=\"description\" content=\"Tauche ein in die spektakul\u00e4ren Schluchten des Tessins! Das Canyoning Eldorado schlecht hin! An drei unvergesslichen Tagen erleben wir abwechslungsreiches Canyoning inmitten steiler Felsw\u00e4nde, kristallklaren Pools und Rutschen &amp; Spr\u00fcnge die das Herz h\u00f6herschlagen lassen.\" \/>\n<meta name=\"robots\" content=\"index, follow, max-snippet:-1, max-image-preview:large, max-video-preview:-1\" \/>\n<link rel=\"canonical\" href=\"https:\/\/lechtal-alpin.at\/index.php\/tessin\/\" \/>\n<meta property=\"og:locale\" content=\"de_DE\" \/>\n<meta property=\"og:type\" content=\"article\" \/>\n<meta property=\"og:title\" content=\"Canyoning Tessin - Lechtal Alpin\" \/>\n<meta property=\"og:description\" content=\"Tauche ein in die spektakul\u00e4ren Schluchten des Tessins! Das Canyoning Eldorado schlecht hin! An drei unvergesslichen Tagen erleben wir abwechslungsreiches Canyoning inmitten steiler Felsw\u00e4nde, kristallklaren Pools und Rutschen &amp; Spr\u00fcnge die das Herz h\u00f6herschlagen lassen.\" \/>\n<meta property=\"og:url\" content=\"https:\/\/lechtal-alpin.at\/index.php\/tessin\/\" \/>\n<meta property=\"og:site_name\" content=\"Lechtal Alpin\" \/>\n<meta property=\"article:modified_time\" content=\"2026-04-10T10:05:36+00:00\" \/>\n<meta property=\"og:image\" content=\"https:\/\/lechtal-alpin.at\/wp-content\/uploads\/2026\/02\/Lechtal_Alpin_Info_Canyoining.jpg\" \/>\n\t<meta property=\"og:image:width\" content=\"1800\" \/>\n\t<meta property=\"og:image:height\" content=\"1000\" \/>\n\t<meta property=\"og:image:type\" content=\"image\/jpeg\" \/>\n<meta name=\"twitter:card\" content=\"summary_large_image\" \/>\n<meta name=\"twitter:label1\" content=\"Gesch\u00e4tzte Lesezeit\" \/>\n\t<meta name=\"twitter:data1\" content=\"3 Minuten\" \/>\n<script type=\"application\/ld+json\" class=\"yoast-schema-graph\">{\"@context\":\"https:\\\/\\\/schema.org\",\"@graph\":[{\"@type\":\"WebPage\",\"@id\":\"https:\\\/\\\/lechtal-alpin.at\\\/index.php\\\/tessin\\\/\",\"url\":\"https:\\\/\\\/lechtal-alpin.at\\\/index.php\\\/tessin\\\/\",\"name\":\"Canyoning Tessin - Lechtal Alpin\",\"isPartOf\":{\"@id\":\"https:\\\/\\\/lechtal-alpin.at\\\/#website\"},\"primaryImageOfPage\":{\"@id\":\"https:\\\/\\\/lechtal-alpin.at\\\/index.php\\\/tessin\\\/#primaryimage\"},\"image\":{\"@id\":\"https:\\\/\\\/lechtal-alpin.at\\\/index.php\\\/tessin\\\/#primaryimage\"},\"thumbnailUrl\":\"https:\\\/\\\/lechtal-alpin.at\\\/wp-content\\\/uploads\\\/2026\\\/02\\\/Lechtal_Alpin_Info_Canyoining.jpg\",\"datePublished\":\"2026-01-30T09:49:32+00:00\",\"dateModified\":\"2026-04-10T10:05:36+00:00\",\"description\":\"Tauche ein in die spektakul\u00e4ren Schluchten des Tessins! Das Canyoning Eldorado schlecht hin! An drei unvergesslichen Tagen erleben wir abwechslungsreiches Canyoning inmitten steiler Felsw\u00e4nde, kristallklaren Pools und Rutschen & Spr\u00fcnge die das Herz h\u00f6herschlagen lassen.\",\"breadcrumb\":{\"@id\":\"https:\\\/\\\/lechtal-alpin.at\\\/index.php\\\/tessin\\\/#breadcrumb\"},\"inLanguage\":\"de-AT\",\"potentialAction\":[{\"@type\":\"ReadAction\",\"target\":[\"https:\\\/\\\/lechtal-alpin.at\\\/index.php\\\/tessin\\\/\"]}]},{\"@type\":\"ImageObject\",\"inLanguage\":\"de-AT\",\"@id\":\"https:\\\/\\\/lechtal-alpin.at\\\/index.php\\\/tessin\\\/#primaryimage\",\"url\":\"https:\\\/\\\/lechtal-alpin.at\\\/wp-content\\\/uploads\\\/2026\\\/02\\\/Lechtal_Alpin_Info_Canyoining.jpg\",\"contentUrl\":\"https:\\\/\\\/lechtal-alpin.at\\\/wp-content\\\/uploads\\\/2026\\\/02\\\/Lechtal_Alpin_Info_Canyoining.jpg\",\"width\":1800,\"height\":1000},{\"@type\":\"BreadcrumbList\",\"@id\":\"https:\\\/\\\/lechtal-alpin.at\\\/index.php\\\/tessin\\\/#breadcrumb\",\"itemListElement\":[{\"@type\":\"ListItem\",\"position\":1,\"name\":\"Startseite\",\"item\":\"https:\\\/\\\/lechtal-alpin.at\\\/\"},{\"@type\":\"ListItem\",\"position\":2,\"name\":\"Tessin\"}]},{\"@type\":\"WebSite\",\"@id\":\"https:\\\/\\\/lechtal-alpin.at\\\/#website\",\"url\":\"https:\\\/\\\/lechtal-alpin.at\\\/\",\"name\":\"Lechtal Alpin\",\"description\":\"\",\"publisher\":{\"@id\":\"https:\\\/\\\/lechtal-alpin.at\\\/#\\\/schema\\\/person\\\/c379d06227bea9bcc3119575c50a158d\"},\"potentialAction\":[{\"@type\":\"SearchAction\",\"target\":{\"@type\":\"EntryPoint\",\"urlTemplate\":\"https:\\\/\\\/lechtal-alpin.at\\\/?s={search_term_string}\"},\"query-input\":{\"@type\":\"PropertyValueSpecification\",\"valueRequired\":true,\"valueName\":\"search_term_string\"}}],\"inLanguage\":\"de-AT\"},{\"@type\":[\"Person\",\"Organization\"],\"@id\":\"https:\\\/\\\/lechtal-alpin.at\\\/#\\\/schema\\\/person\\\/c379d06227bea9bcc3119575c50a158d\",\"name\":\"Marvin K\u00e4rle\",\"image\":{\"@type\":\"ImageObject\",\"inLanguage\":\"de-AT\",\"@id\":\"https:\\\/\\\/lechtal-alpin.at\\\/wp-content\\\/uploads\\\/2026\\\/04\\\/Logo_Lechtal-Alpin_nur-Schrift-LA-scaled.png\",\"url\":\"https:\\\/\\\/lechtal-alpin.at\\\/wp-content\\\/uploads\\\/2026\\\/04\\\/Logo_Lechtal-Alpin_nur-Schrift-LA-scaled.png\",\"contentUrl\":\"https:\\\/\\\/lechtal-alpin.at\\\/wp-content\\\/uploads\\\/2026\\\/04\\\/Logo_Lechtal-Alpin_nur-Schrift-LA-scaled.png\",\"width\":2560,\"height\":1707,\"caption\":\"Marvin K\u00e4rle\"},\"logo\":{\"@id\":\"https:\\\/\\\/lechtal-alpin.at\\\/wp-content\\\/uploads\\\/2026\\\/04\\\/Logo_Lechtal-Alpin_nur-Schrift-LA-scaled.png\"}}]}<\/script>\n<!-- \/ Yoast SEO plugin. -->","yoast_head_json":{"title":"Canyoning Tessin - Lechtal Alpin","description":"Tauche ein in die spektakul\u00e4ren Schluchten des Tessins! Das Canyoning Eldorado schlecht hin! An drei unvergesslichen Tagen erleben wir abwechslungsreiches Canyoning inmitten steiler Felsw\u00e4nde, kristallklaren Pools und Rutschen & Spr\u00fcnge die das Herz h\u00f6herschlagen lassen.","robots":{"index":"index","follow":"follow","max-snippet":"max-snippet:-1","max-image-preview":"max-image-preview:large","max-video-preview":"max-video-preview:-1"},"canonical":"https:\/\/lechtal-alpin.at\/index.php\/tessin\/","og_locale":"de_DE","og_type":"article","og_title":"Canyoning Tessin - Lechtal Alpin","og_description":"Tauche ein in die spektakul\u00e4ren Schluchten des Tessins! Das Canyoning Eldorado schlecht hin! An drei unvergesslichen Tagen erleben wir abwechslungsreiches Canyoning inmitten steiler Felsw\u00e4nde, kristallklaren Pools und Rutschen & Spr\u00fcnge die das Herz h\u00f6herschlagen lassen.","og_url":"https:\/\/lechtal-alpin.at\/index.php\/tessin\/","og_site_name":"Lechtal Alpin","article_modified_time":"2026-04-10T10:05:36+00:00","og_image":[{"width":1800,"height":1000,"url":"https:\/\/lechtal-alpin.at\/wp-content\/uploads\/2026\/02\/Lechtal_Alpin_Info_Canyoining.jpg","type":"image\/jpeg"}],"twitter_card":"summary_large_image","twitter_misc":{"Gesch\u00e4tzte Lesezeit":"3 Minuten"},"schema":{"@context":"https:\/\/schema.org","@graph":[{"@type":"WebPage","@id":"https:\/\/lechtal-alpin.at\/index.php\/tessin\/","url":"https:\/\/lechtal-alpin.at\/index.php\/tessin\/","name":"Canyoning Tessin - Lechtal Alpin","isPartOf":{"@id":"https:\/\/lechtal-alpin.at\/#website"},"primaryImageOfPage":{"@id":"https:\/\/lechtal-alpin.at\/index.php\/tessin\/#primaryimage"},"image":{"@id":"https:\/\/lechtal-alpin.at\/index.php\/tessin\/#primaryimage"},"thumbnailUrl":"https:\/\/lechtal-alpin.at\/wp-content\/uploads\/2026\/02\/Lechtal_Alpin_Info_Canyoining.jpg","datePublished":"2026-01-30T09:49:32+00:00","dateModified":"2026-04-10T10:05:36+00:00","description":"Tauche ein in die spektakul\u00e4ren Schluchten des Tessins! Das Canyoning Eldorado schlecht hin! An drei unvergesslichen Tagen erleben wir abwechslungsreiches Canyoning inmitten steiler Felsw\u00e4nde, kristallklaren Pools und Rutschen & Spr\u00fcnge die das Herz h\u00f6herschlagen lassen.","breadcrumb":{"@id":"https:\/\/lechtal-alpin.at\/index.php\/tessin\/#breadcrumb"},"inLanguage":"de-AT","potentialAction":[{"@type":"ReadAction","target":["https:\/\/lechtal-alpin.at\/index.php\/tessin\/"]}]},{"@type":"ImageObject","inLanguage":"de-AT","@id":"https:\/\/lechtal-alpin.at\/index.php\/tessin\/#primaryimage","url":"https:\/\/lechtal-alpin.at\/wp-content\/uploads\/2026\/02\/Lechtal_Alpin_Info_Canyoining.jpg","contentUrl":"https:\/\/lechtal-alpin.at\/wp-content\/uploads\/2026\/02\/Lechtal_Alpin_Info_Canyoining.jpg","width":1800,"height":1000},{"@type":"BreadcrumbList","@id":"https:\/\/lechtal-alpin.at\/index.php\/tessin\/#breadcrumb","itemListElement":[{"@type":"ListItem","position":1,"name":"Startseite","item":"https:\/\/lechtal-alpin.at\/"},{"@type":"ListItem","position":2,"name":"Tessin"}]},{"@type":"WebSite","@id":"https:\/\/lechtal-alpin.at\/#website","url":"https:\/\/lechtal-alpin.at\/","name":"Lechtal Alpin","description":"","publisher":{"@id":"https:\/\/lechtal-alpin.at\/#\/schema\/person\/c379d06227bea9bcc3119575c50a158d"},"potentialAction":[{"@type":"SearchAction","target":{"@type":"EntryPoint","urlTemplate":"https:\/\/lechtal-alpin.at\/?s={search_term_string}"},"query-input":{"@type":"PropertyValueSpecification","valueRequired":true,"valueName":"search_term_string"}}],"inLanguage":"de-AT"},{"@type":["Person","Organization"],"@id":"https:\/\/lechtal-alpin.at\/#\/schema\/person\/c379d06227bea9bcc3119575c50a158d","name":"Marvin K\u00e4rle","image":{"@type":"ImageObject","inLanguage":"de-AT","@id":"https:\/\/lechtal-alpin.at\/wp-content\/uploads\/2026\/04\/Logo_Lechtal-Alpin_nur-Schrift-LA-scaled.png","url":"https:\/\/lechtal-alpin.at\/wp-content\/uploads\/2026\/04\/Logo_Lechtal-Alpin_nur-Schrift-LA-scaled.png","contentUrl":"https:\/\/lechtal-alpin.at\/wp-content\/uploads\/2026\/04\/Logo_Lechtal-Alpin_nur-Schrift-LA-scaled.png","width":2560,"height":1707,"caption":"Marvin K\u00e4rle"},"logo":{"@id":"https:\/\/lechtal-alpin.at\/wp-content\/uploads\/2026\/04\/Logo_Lechtal-Alpin_nur-Schrift-LA-scaled.png"}}]}},"_links":{"self":[{"href":"https:\/\/lechtal-alpin.at\/index.php\/wp-json\/wp\/v2\/pages\/1141","targetHints":{"allow":["GET"]}}],"collection":[{"href":"https:\/\/lechtal-alpin.at\/index.php\/wp-json\/wp\/v2\/pages"}],"about":[{"href":"https:\/\/lechtal-alpin.at\/index.php\/wp-json\/wp\/v2\/types\/page"}],"author":[{"embeddable":true,"href":"https:\/\/lechtal-alpin.at\/index.php\/wp-json\/wp\/v2\/users\/4"}],"replies":[{"embeddable":true,"href":"https:\/\/lechtal-alpin.at\/index.php\/wp-json\/wp\/v2\/comments?post=1141"}],"version-history":[{"count":5,"href":"https:\/\/lechtal-alpin.at\/index.php\/wp-json\/wp\/v2\/pages\/1141\/revisions"}],"predecessor-version":[{"id":1377,"href":"https:\/\/lechtal-alpin.at\/index.php\/wp-json\/wp\/v2\/pages\/1141\/revisions\/1377"}],"wp:featuredmedia":[{"embeddable":true,"href":"https:\/\/lechtal-alpin.at\/index.php\/wp-json\/wp\/v2\/media\/1238"}],"wp:attachment":[{"href":"https:\/\/lechtal-alpin.at\/index.php\/wp-json\/wp\/v2\/media?parent=1141"}],"curies":[{"name":"wp","href":"https:\/\/api.w.org\/{rel}","templated":true}]}}